{"id":1416,"date":"2020-01-23T12:26:25","date_gmt":"2020-01-23T10:26:25","guid":{"rendered":"https:\/\/www.simpal.fi\/?page_id=1416"},"modified":"2020-01-26T21:53:54","modified_gmt":"2020-01-26T19:53:54","slug":"tekninen-tuki","status":"publish","type":"page","link":"https:\/\/www.simpal.fi\/index.php\/tekninen-tuki\/","title":{"rendered":"Tekninen tuki"},"content":{"rendered":"\n<p>Soita 09-42474920, l\u00e4het\u00e4 tuotteisiin liittyv\u00e4 tekninen kysymys s\u00e4hk\u00f6postitse osoitteeseen <a rel=\"noreferrer noopener\" aria-label=\"tuki@simpal.fi (avautuu uudessa v\u00e4lilehdess\u00e4)\" href=\"mailto:tuki@simpal.fi\" target=\"_blank\">tuki@simpal.fi<\/a> tai t\u00e4yt\u00e4 alla olevalla lomake, kiitos!<\/p>\n\n\n\n\n<div class=\"wpcf7 no-js\" id=\"wpcf7-f1427-o1\" lang=\"fi\" dir=\"ltr\" data-wpcf7-id=\"1427\">\n<div class=\"screen-reader-response\"><p role=\"status\" aria-live=\"polite\" aria-atomic=\"true\"><\/p> <ul><\/ul><\/div>\n<form action=\"\/index.php\/wp-json\/wp\/v2\/pages\/1416#wpcf7-f1427-o1\" method=\"post\" class=\"wpcf7-form init\" aria-label=\"Yhteydenottolomake\" novalidate=\"novalidate\" data-status=\"init\">\n<fieldset class=\"hidden-fields-container\"><input type=\"hidden\" name=\"_wpcf7\" value=\"1427\" \/><input type=\"hidden\" name=\"_wpcf7_version\" value=\"6.1.5\" \/><input type=\"hidden\" name=\"_wpcf7_locale\" value=\"fi\" \/><input type=\"hidden\" name=\"_wpcf7_unit_tag\" value=\"wpcf7-f1427-o1\" \/><input type=\"hidden\" name=\"_wpcf7_container_post\" value=\"0\" \/><input type=\"hidden\" name=\"_wpcf7_posted_data_hash\" value=\"\" \/>\n<\/fieldset>\n<p><label> Nimi (pakollinen)<br \/>\n<span class=\"wpcf7-form-control-wrap\" data-name=\"your-name\"><input size=\"40\" maxlength=\"400\" class=\"wpcf7-form-control wpcf7-text wpcf7-validates-as-required\" aria-required=\"true\" aria-invalid=\"false\" value=\"\" type=\"text\" name=\"your-name\" \/><\/span> <\/label>\n<\/p>\n<p><label> S\u00e4hk\u00f6posti (pakollinen)<br \/>\n<span class=\"wpcf7-form-control-wrap\" data-name=\"your-email\"><input size=\"40\" maxlength=\"400\" class=\"wpcf7-form-control wpcf7-email wpcf7-validates-as-required wpcf7-text wpcf7-validates-as-email\" aria-required=\"true\" aria-invalid=\"false\" value=\"\" type=\"email\" name=\"your-email\" \/><\/span> <\/label>\n<\/p>\n<p><label> Puhelinnumero<br \/>\n<span class=\"wpcf7-form-control-wrap\" data-name=\"puhelin\"><input size=\"40\" maxlength=\"400\" class=\"wpcf7-form-control wpcf7-tel wpcf7-text wpcf7-validates-as-tel\" aria-invalid=\"false\" value=\"\" type=\"tel\" name=\"puhelin\" \/><\/span> <\/label>\n<\/p>\n<p><label> Aihe<br \/>\n<span class=\"wpcf7-form-control-wrap\" data-name=\"your-subject\"><input size=\"40\" maxlength=\"400\" class=\"wpcf7-form-control wpcf7-text\" aria-invalid=\"false\" value=\"\" type=\"text\" name=\"your-subject\" \/><\/span> <\/label>\n<\/p>\n<p><label> Viesti<br \/>\n<span class=\"wpcf7-form-control-wrap\" data-name=\"your-message\"><textarea cols=\"40\" rows=\"10\" maxlength=\"2000\" class=\"wpcf7-form-control wpcf7-textarea\" aria-invalid=\"false\" name=\"your-message\"><\/textarea><\/span> <\/label>\n<\/p>\n<p><input class=\"wpcf7-form-control wpcf7-submit has-spinner\" type=\"submit\" value=\"L\u00e4het\u00e4\" \/>\n<\/p><div class=\"wpcf7-response-output\" aria-hidden=\"true\"><\/div>\n<\/form>\n<\/div>\n\n","protected":false},"excerpt":{"rendered":"<p>Soita 09-42474920, l\u00e4het\u00e4 tuotteisiin liittyv\u00e4 tekninen kysymys s\u00e4hk\u00f6postitse osoitteeseen tuki@simpal.fi tai t\u00e4yt\u00e4 alla olevalla lomake, kiitos!<\/p>\n","protected":false},"author":1,"featured_media":0,"parent":0,"menu_order":0,"comment_status":"closed","ping_status":"closed","template":"","meta":{"om_disable_all_campaigns":false,"_monsterinsights_skip_tracking":false,"_monsterinsights_sitenote_active":false,"_monsterinsights_sitenote_note":"","_monsterinsights_sitenote_category":0,"_uf_show_specific_survey":0,"_uf_disable_surveys":false,"footnotes":""},"class_list":["post-1416","page","type-page","status-publish","hentry"],"aioseo_notices":[],"_links":{"self":[{"href":"https:\/\/www.simpal.fi\/index.php\/wp-json\/wp\/v2\/pages\/1416","targetHints":{"allow":["GET"]}}],"collection":[{"href":"https:\/\/www.simpal.fi\/index.php\/wp-json\/wp\/v2\/pages"}],"about":[{"href":"https:\/\/www.simpal.fi\/index.php\/wp-json\/wp\/v2\/types\/page"}],"author":[{"embeddable":true,"href":"https:\/\/www.simpal.fi\/index.php\/wp-json\/wp\/v2\/users\/1"}],"replies":[{"embeddable":true,"href":"https:\/\/www.simpal.fi\/index.php\/wp-json\/wp\/v2\/comments?post=1416"}],"version-history":[{"count":6,"href":"https:\/\/www.simpal.fi\/index.php\/wp-json\/wp\/v2\/pages\/1416\/revisions"}],"predecessor-version":[{"id":1528,"href":"https:\/\/www.simpal.fi\/index.php\/wp-json\/wp\/v2\/pages\/1416\/revisions\/1528"}],"wp:attachment":[{"href":"https:\/\/www.simpal.fi\/index.php\/wp-json\/wp\/v2\/media?parent=1416"}],"curies":[{"name":"wp","href":"https:\/\/api.w.org\/{rel}","templated":true}]}}