{"id":1397,"date":"2020-01-23T09:10:07","date_gmt":"2020-01-23T07:10:07","guid":{"rendered":"https:\/\/www.simpal.fi\/?post_type=product&#038;p=1397"},"modified":"2026-05-04T15:34:42","modified_gmt":"2026-05-04T13:34:42","slug":"simpal-w240","status":"publish","type":"product","link":"https:\/\/www.simpal.fi\/index.php\/tuote\/simpal-w240\/","title":{"rendered":"SimPal-W240, WiFi-h\u00e4lytinlaite \/ p\u00f6yt\u00e4kello"},"content":{"rendered":"<p><strong>SimPal W240<\/strong> on p\u00f6yt\u00e4kelloksi tyylikk\u00e4\u00e4sti muotoiltu pienikokoinen WiFi-h\u00e4lytinlaite. Helppok\u00e4ytt\u00f6inen W240 on suunniteltu kodin tai toimiston varash\u00e4lyttimeksi h\u00e4lytinlaitteeksi. Toimiakseen edullinen h\u00e4lytin tarvitsee<br \/>\nvain internet-yhteyden langattomalla WiFi-verkolla, joten siit\u00e4 ei synny mink\u00e4\u00e4nlaisia k\u00e4ytt\u00f6kustannuksia.<\/p>\n<p>Laite hy\u00f6dynt\u00e4\u00e4 433MHz taajuudella toimivia langattomia antureita, joita toimitetaan retail-tuotepakkauksen mukana seuraavasti: palovaroitin, ovimagneettikytkin sek\u00e4 kauko-ohjain. H\u00e4lyttimeen saadaan kytketty\u00e4 maksimissaan 20x<br \/>\nlangatonta anturia ja laajentaa sit\u00e4 esim. palovaroittimilla, vesivuotoantureilla, langattomalla sireenill\u00e4 ja et\u00e4ohjattavalla pistorasialla. Kun anturi lipaisee, h\u00e4lytinyksikk\u00f6 k\u00e4ynnist\u00e4\u00e4 h\u00e4lytytys\u00e4\u00e4nen ja l\u00e4hett\u00e4\u00e4 h\u00e4lytysviestin internetin v\u00e4lityksell\u00e4 k\u00e4ytt\u00e4jien s\u00e4hk\u00f6postiin ja\/tai mobiilisovellukseen.<\/p>\n<p>Laitteen m\u00e4\u00e4ritykset tehd\u00e4\u00e4n helppok\u00e4ytt\u00f6isell\u00e4 mobiili-appsilla (Android\/iOS).<\/p>\n<p><strong>Tekniset tiedot:<\/strong><br \/>\n\u2022 WiFi 2.4GHz: 802.11b\/g\/n<br \/>\n\u2022 Virtal\u00e4hde\/k\u00e4ytt\u00f6j\u00e4nnite: 5VDC (Mini USB liitin)<br \/>\n\u2022 Vara-akku: 1500mAh LiON<br \/>\n\u2022 Akun kestoaika: 10h<br \/>\n\u2022 Langattomien anturien taajuusalue: 433MHz (FSK)<br \/>\n\u2022 Anturien max. m\u00e4\u00e4r\u00e4: 20x<br \/>\n\u2022 Anturien kantama: 30-50m<br \/>\n\u2022 Sireeni: 105dB<br \/>\n\u2022 K\u00e4ytt\u00f6l\u00e4mp\u00f6tila-alue: -10C&#8230;+50C<br \/>\n\u2022 Mitat: 138x70x25mm<br \/>\n\u2022 Kellon n\u00e4ytt\u00f6n koko: 23x70mm<br \/>\n\u2022 Paino: 147g<br \/>\n\u2022 S\u00e4hk\u00f6numero: 7114801<br \/>\n\u2022 CE-hyv\u00e4ksytty<\/p>\n<p><strong>Lis\u00e4tietolinkit:<\/strong><\/p>\n<ul>\n<li><a href=\"https:\/\/www.simpal.cn\/products\/32-WiFi-Alarm-System.html\" target=\"_blank\" rel=\"noopener noreferrer\">Valmistajan tuotesivu<\/a><\/li>\n<li><a href=\"https:\/\/drive.microdata.fi\/pdf\/SimPal\/SimPal-W240_datasheet.pdf\" target=\"_blank\" rel=\"noopener noreferrer\">Tuote-esite<\/a><\/li>\n<li><a href=\"https:\/\/drive.microdata.fi\/pdf\/SimPal\/SimPal-W240_manual.pdf\" target=\"_blank\" rel=\"noopener noreferrer\">K\u00e4sikirja \/ asennusohje<\/a><\/li>\n<li><a href=\"https:\/\/www.sahkonumerot.fi\/7114801\" target=\"_blank\" rel=\"noopener noreferrer\">S\u00e4hk\u00f6numero<\/a><\/li>\n<li><a href=\"https:\/\/drive.microdata.fi\/pdf\/SimPal\/SimPal-W240_G212_CE-Certification.pdf\" target=\"_blank\" rel=\"noopener noreferrer\">CE-hyv\u00e4ksynt\u00e4<\/a><\/li>\n<li><a href=\"https:\/\/mailchi.mp\/microdata\/simpal-w240-wifi-varashalytinkello\" target=\"_blank\" rel=\"noopener noreferrer\">Tiedote<\/a><\/li>\n<\/ul>\n","protected":false},"excerpt":{"rendered":"<p><strong>SimPal W240<\/strong> on p\u00f6yt\u00e4kelloksi tyylikk\u00e4\u00e4sti muotoiltu pienikokoinen WiFi-h\u00e4lytinlaite.<\/p>\n","protected":false},"featured_media":7184,"comment_status":"open","ping_status":"closed","template":"","meta":{"om_disable_all_campaigns":false,"_monsterinsights_skip_tracking":false,"_monsterinsights_sitenote_active":false,"_monsterinsights_sitenote_note":"","_monsterinsights_sitenote_category":0,"_uf_show_specific_survey":0,"_uf_disable_surveys":false},"product_brand":[92],"product_cat":[35,15,20],"product_tag":[53,51,54,55],"class_list":{"0":"post-1397","1":"product","2":"type-product","3":"status-publish","4":"has-post-thumbnail","6":"product_brand-simpal","7":"product_cat-slider","8":"product_cat-tuotteet","9":"product_cat-varashalyttimet","10":"product_tag-simpal-w240","11":"product_tag-tuta","12":"product_tag-varashalytin","13":"product_tag-wifi","15":"first","16":"instock","17":"taxable","18":"shipping-taxable","19":"product-type-simple"},"aioseo_notices":[],"_links":{"self":[{"href":"https:\/\/www.simpal.fi\/index.php\/wp-json\/wp\/v2\/product\/1397","targetHints":{"allow":["GET"]}}],"collection":[{"href":"https:\/\/www.simpal.fi\/index.php\/wp-json\/wp\/v2\/product"}],"about":[{"href":"https:\/\/www.simpal.fi\/index.php\/wp-json\/wp\/v2\/types\/product"}],"replies":[{"embeddable":true,"href":"https:\/\/www.simpal.fi\/index.php\/wp-json\/wp\/v2\/comments?post=1397"}],"wp:featuredmedia":[{"embeddable":true,"href":"https:\/\/www.simpal.fi\/index.php\/wp-json\/wp\/v2\/media\/7184"}],"wp:attachment":[{"href":"https:\/\/www.simpal.fi\/index.php\/wp-json\/wp\/v2\/media?parent=1397"}],"wp:term":[{"taxonomy":"product_brand","embeddable":true,"href":"https:\/\/www.simpal.fi\/index.php\/wp-json\/wp\/v2\/product_brand?post=1397"},{"taxonomy":"product_cat","embeddable":true,"href":"https:\/\/www.simpal.fi\/index.php\/wp-json\/wp\/v2\/product_cat?post=1397"},{"taxonomy":"product_tag","embeddable":true,"href":"https:\/\/www.simpal.fi\/index.php\/wp-json\/wp\/v2\/product_tag?post=1397"}],"curies":[{"name":"wp","href":"https:\/\/api.w.org\/{rel}","templated":true}]}}