{"id":1450,"date":"2020-01-23T19:14:31","date_gmt":"2020-01-23T17:14:31","guid":{"rendered":"https:\/\/www.simpal.fi\/?post_type=product&#038;p=1450"},"modified":"2026-05-04T15:34:42","modified_gmt":"2026-05-04T13:34:42","slug":"simpal-wds-051-f","status":"publish","type":"product","link":"https:\/\/www.simpal.fi\/index.php\/tuote\/simpal-wds-051-f\/","title":{"rendered":"SimPal WDS-051-F, langaton ovianturi"},"content":{"rendered":"<p><strong>SimPal WDS-051-F<\/strong> on langaton 433MHz-taajuudella toimiva magneettianturi puisille oville ja ikkunoille. Anturi toimii SimPal-T40\/G4\/G212\/G312\/W230\/W240\/T40 malleissa. Anturin avulla SimPal tuotteista saadaan tehty\u00e4 varash\u00e4lytinlaite kiinteist\u00f6\u00e4 tai omaisuutta valvomaan.<\/p>\n<p>Tuotepakkaus sis\u00e4lt\u00e4\u00e4 anturin kiinnitysteippeineen sek\u00e4 alkaalipariston (CR 2032).<\/p>\n<p><strong>Tekniset tiedot:<\/strong><br \/>\n\u2022 Tajuusalue: 433MHz, FSK<br \/>\n\u2022 Kantama: 50-100m (avotila)<br \/>\n\u2022 Paristo: CR 2032<br \/>\n\u2022 Mitat: 71 x 50 x 15mm (vastakappaleen kanssa)<br \/>\n\u2022 CE-hyv\u00e4ksytty<\/p>\n<p><strong>Lis\u00e4tietolinkit:<\/strong><\/p>\n<ul>\n<li><a href=\"https:\/\/www.simpal.cn\/products\/24-Wireless-Door-Sensor.html\" target=\"_blank\" rel=\"noopener noreferrer\">Valmistajan tuotesivu<\/a><\/li>\n<li><a href=\"https:\/\/drive.microdata.fi\/pdf\/SimPal\/SimPal-WDS-051-F_manual.pdf\" target=\"_blank\" rel=\"noopener noreferrer\">K\u00e4sikirja \/ asennusohje<\/a><\/li>\n<\/ul>\n","protected":false},"excerpt":{"rendered":"<p>SimPal WDS-051-F on langaton 433MHz-taajuudella toimiva magneettianturi puisille oville ja ikkunoille. Anturi toimii SimPal-T40\/G4\/G212\/G312\/W230\/W240\/T40 malleissa. Anturin avulla SimPal tuotteista saadaan tehty\u00e4 varash\u00e4lytinlaite kiinteist\u00f6\u00e4 tai omaisuutta valvomaan. Tuotepakkaus sis\u00e4lt\u00e4\u00e4 anturin kiinnitysteippeineen sek\u00e4 alkaalipariston (CR 2032). Tekniset tiedot: \u2022 Tajuusalue: 433MHz, FSK \u2022 Kantama: 50-100m (avotila) \u2022 Paristo: CR 2032 \u2022 Mitat: 71 x 50 x 15mm [&hellip;]<\/p>\n","protected":false},"featured_media":1452,"comment_status":"open","ping_status":"closed","template":"","meta":{"om_disable_all_campaigns":false,"_monsterinsights_skip_tracking":false,"_monsterinsights_sitenote_active":false,"_monsterinsights_sitenote_note":"","_monsterinsights_sitenote_category":0,"_uf_show_specific_survey":0,"_uf_disable_surveys":false},"product_brand":[92],"product_cat":[48,15],"product_tag":[],"class_list":{"0":"post-1450","1":"product","2":"type-product","3":"status-publish","4":"has-post-thumbnail","6":"product_brand-simpal","7":"product_cat-lisaanturit","8":"product_cat-tuotteet","10":"first","11":"instock","12":"taxable","13":"shipping-taxable","14":"product-type-simple"},"aioseo_notices":[],"_links":{"self":[{"href":"https:\/\/www.simpal.fi\/index.php\/wp-json\/wp\/v2\/product\/1450","targetHints":{"allow":["GET"]}}],"collection":[{"href":"https:\/\/www.simpal.fi\/index.php\/wp-json\/wp\/v2\/product"}],"about":[{"href":"https:\/\/www.simpal.fi\/index.php\/wp-json\/wp\/v2\/types\/product"}],"replies":[{"embeddable":true,"href":"https:\/\/www.simpal.fi\/index.php\/wp-json\/wp\/v2\/comments?post=1450"}],"wp:featuredmedia":[{"embeddable":true,"href":"https:\/\/www.simpal.fi\/index.php\/wp-json\/wp\/v2\/media\/1452"}],"wp:attachment":[{"href":"https:\/\/www.simpal.fi\/index.php\/wp-json\/wp\/v2\/media?parent=1450"}],"wp:term":[{"taxonomy":"product_brand","embeddable":true,"href":"https:\/\/www.simpal.fi\/index.php\/wp-json\/wp\/v2\/product_brand?post=1450"},{"taxonomy":"product_cat","embeddable":true,"href":"https:\/\/www.simpal.fi\/index.php\/wp-json\/wp\/v2\/product_cat?post=1450"},{"taxonomy":"product_tag","embeddable":true,"href":"https:\/\/www.simpal.fi\/index.php\/wp-json\/wp\/v2\/product_tag?post=1450"}],"curies":[{"name":"wp","href":"https:\/\/api.w.org\/{rel}","templated":true}]}}