{"id":1460,"date":"2020-01-23T20:03:05","date_gmt":"2020-01-23T18:03:05","guid":{"rendered":"https:\/\/www.simpal.fi\/?post_type=product&#038;p=1460"},"modified":"2025-09-04T08:08:05","modified_gmt":"2025-09-04T06:08:05","slug":"simpal-wsc-057-f","status":"publish","type":"product","link":"https:\/\/www.simpal.fi\/index.php\/tuote\/simpal-wsc-057-f\/","title":{"rendered":"SimPal WSC-057-F, langaton IO-sovitin"},"content":{"rendered":"<p><strong>SimPal WSC-057-F<\/strong> (IO-FSK) on 433MHz taajuudella toimiva langaton I\/O sovitin, joka pystyy v\u00e4litt\u00e4m\u00e4\u00e4n mink\u00e4 hyv\u00e4ns\u00e4 langallisen anturin (esim. PIR, vesivuotoanturi, ovimagneettianturi, kiinteis\u00f6automaatio, vanha h\u00e4lytinj\u00e4rjestelm\u00e4) NO\/NC k\u00e4rkitiedon SimPal T40\/G4\/G312\/G212\/W230\/W240 malleille.<\/p>\n<p><strong>Tekniset tiedot:<\/strong><br \/>\n\u2022 Anturin sis\u00e4\u00e4ntulo: NO\/NC<br \/>\n\u2022 Kantomatka: 40m (avoin tila)<br \/>\n\u2022 Radiotaajuus: 433.92MHz FSK<br \/>\n\u2022 K\u00e4ytt\u00f6j\u00e4nnite: 12VDC<br \/>\n\u2022 Ulostuloj\u00e4nnite: 12VDC (langallisille sensoreille)<br \/>\n\u2022 K\u00e4ytt\u00f6l\u00e4mp\u00f6tila-alue: -10&#8230;+55C<br \/>\n\u2022 Mitat: (LxWxH) 94 x 45 x 28mm<br \/>\n\u2022 CE-hyv\u00e4ksytty<\/p>\n<p><strong>Lis\u00e4tietolinkit:<\/strong><\/p>\n<ul>\n<li><a href=\"https:\/\/www.simpal.cn\/products\/30-Wireless-Signal-Converter.html\" target=\"_blank\" rel=\"noopener noreferrer\">Valmistajan tuotesivu<\/a><\/li>\n<li><a href=\"https:\/\/drive.microdata.fi\/pdf\/SimPal\/SimPal-WSC-057-F_manual.pdf\" target=\"_blank\" rel=\"noopener noreferrer\">Lataa k\u00e4sikirja \/ asennusohje<\/a><\/li>\n<\/ul>\n","protected":false},"excerpt":{"rendered":"<p><strong>SimPal WSC-057-F<\/strong> on 433MHz taajuudella toimiva langaton IO-sovitin.<\/p>\n","protected":false},"featured_media":1461,"comment_status":"open","ping_status":"closed","template":"","meta":{"om_disable_all_campaigns":false,"_monsterinsights_skip_tracking":false,"_monsterinsights_sitenote_active":false,"_monsterinsights_sitenote_note":"","_monsterinsights_sitenote_category":0,"_uf_show_specific_survey":0,"_uf_disable_surveys":false},"product_brand":[92],"product_cat":[48,15],"product_tag":[],"class_list":{"0":"post-1460","1":"product","2":"type-product","3":"status-publish","4":"has-post-thumbnail","6":"product_brand-simpal","7":"product_cat-lisaanturit","8":"product_cat-tuotteet","10":"first","11":"instock","12":"taxable","13":"shipping-taxable","14":"product-type-simple"},"aioseo_notices":[],"_links":{"self":[{"href":"https:\/\/www.simpal.fi\/index.php\/wp-json\/wp\/v2\/product\/1460","targetHints":{"allow":["GET"]}}],"collection":[{"href":"https:\/\/www.simpal.fi\/index.php\/wp-json\/wp\/v2\/product"}],"about":[{"href":"https:\/\/www.simpal.fi\/index.php\/wp-json\/wp\/v2\/types\/product"}],"replies":[{"embeddable":true,"href":"https:\/\/www.simpal.fi\/index.php\/wp-json\/wp\/v2\/comments?post=1460"}],"wp:featuredmedia":[{"embeddable":true,"href":"https:\/\/www.simpal.fi\/index.php\/wp-json\/wp\/v2\/media\/1461"}],"wp:attachment":[{"href":"https:\/\/www.simpal.fi\/index.php\/wp-json\/wp\/v2\/media?parent=1460"}],"wp:term":[{"taxonomy":"product_brand","embeddable":true,"href":"https:\/\/www.simpal.fi\/index.php\/wp-json\/wp\/v2\/product_brand?post=1460"},{"taxonomy":"product_cat","embeddable":true,"href":"https:\/\/www.simpal.fi\/index.php\/wp-json\/wp\/v2\/product_cat?post=1460"},{"taxonomy":"product_tag","embeddable":true,"href":"https:\/\/www.simpal.fi\/index.php\/wp-json\/wp\/v2\/product_tag?post=1460"}],"curies":[{"name":"wp","href":"https:\/\/api.w.org\/{rel}","templated":true}]}}