{"id":2410,"date":"2022-01-13T12:55:29","date_gmt":"2022-01-13T10:55:29","guid":{"rendered":"https:\/\/www.simpal.fi\/?post_type=product&#038;p=2410"},"modified":"2025-09-04T08:08:04","modified_gmt":"2025-09-04T06:08:04","slug":"simpal-s260","status":"publish","type":"product","link":"https:\/\/www.simpal.fi\/index.php\/tuote\/simpal-s260\/","title":{"rendered":"SimPal-S260, GSM-pistorasia energianmittaus ominaisuuksilla"},"content":{"rendered":"<p><strong>SimPal S260<\/strong> on et\u00e4ohjattava GSM-pistorasia energianmittaus ominaisuuksilla ja on suunniteltu s\u00e4hk\u00f6laitteiden k\u00e4ynnist\u00e4miseen sek\u00e4 poiskytkemiseen. Laitteen ohjaama verkkovirta saadaan kytketty\u00e4 matkapuhelimesta SMS-tekstiviestill\u00e4, puhelinsoitolla tai mobiilisovelluksella (Android &amp; iOS apps). SimPal S260 on varustettu ulkoisella antennilla ja on yhteensopiva kaikkien operaattorien SIM-korttien kanssa, eik\u00e4 vaadi toimiakseen erillist\u00e4 datasopimusta &#8211; puhe- ja tekstiviestipalvelut riitt\u00e4v\u00e4t. Laite soveltuu sis\u00e4tiloissa tapahtuvien koti-, m\u00f6kki- ja toimistolaitteiden ohjaamiseen.<\/p>\n<p>Energianmittausominaisuuksilla saadaan arvokasta tietoa energian kulutuksesta ja voidaan m\u00e4\u00e4ritell\u00e4 kulutukselle h\u00e4lytysrarjoja. Ulkoisen antenniliit\u00e4nn\u00e4n anstiosta laite soveltuu k\u00e4ytett\u00e4v\u00e4ksi my\u00f6s kohteissa, joissa GSM verkon kuuluvuus on eritt\u00e4in heikko.<\/p>\n<p>SimPal S260 varoittaa my\u00f6s s\u00e4hk\u00f6katkoksista ja niiden palautumisesta. T\u00e4m\u00e4n tiedon avulla k\u00e4ytt\u00e4j\u00e4 voi raportoida s\u00e4hk\u00f6katkoksista s\u00e4hk\u00f6yhti\u00f6ille ja ryhty\u00e4 tarvittaviin toimenpiteisiin, mik\u00e4li s\u00e4hk\u00f6katkos jatkuu pidemp\u00e4\u00e4n.<\/p>\n<p>Tuotepakkauksen mukana toimitetaan l\u00e4mp\u00f6tila-anturi, joten laite soveltuu monipuolisesti erilaisiin automaattisiin l\u00e4mmitysten ohjauksiin niin kotona, autotallissa, veneess\u00e4 kuin kes\u00e4m\u00f6keill\u00e4. L\u00e4mp\u00f6tilatieto saadaan v\u00e4litetty\u00e4 my\u00f6s SMS-tekstiviestill\u00e4 suoraan GSM-matkapuhelimeen.<\/p>\n<p>Laitteen asennus on mutkaton: Asenna laitteeseen SIM-kortti ja m\u00e4\u00e4rittele puhelinnumero SMS-tekstiviestill\u00e4 #00# &#8211; t\u00e4m\u00e4n j\u00e4lkeen laite on k\u00e4ytt\u00f6valmis! Tekstiviestill\u00e4 #01# laite kytkee virrat ja tekstiviestill\u00e4 #02# laite kytkee virrat pois! Laitteeseen l\u00f6ytyy my\u00f6s helppok\u00e4ytt\u00f6inen Android\/iOS sovellus.<\/p>\n<p>Edistyneemmille k\u00e4ytt\u00e4jille laitteesta l\u00f6ytyy mahdollisuudet viiden numeron m\u00e4\u00e4rittelyyn, ajastettujen \/ viiv\u00e4stettyjen ohjausten m\u00e4\u00e4rittelyyn sek\u00e4 monia muihin hy\u00f6dyllisi\u00e4 lis\u00e4ominaisuuksia.<\/p>\n<p>SimPal S260 GSM-pistoke on turvallinen. Laite noudattaa kaikkia CE-hyv\u00e4ksynn\u00e4n vaatimia turvallisuusm\u00e4\u00e4r\u00e4yksi\u00e4 ja sen kuoret on valmistettu palamattomasta muovimateriasta.<\/p>\n<p>Tuotepakkauksessa toimitetaan keskusyksikk\u00f6, ulkoinen l\u00e4mp\u00f6tila-anturi sek\u00e4 k\u00e4sikirja sek\u00e4 Elisa Laitenetti SIM-kortti, jonka asiakas saa halutessaan helposti aktivoitua. Edullinen SIM-kortti on testattu SimPal S260 tuotteen kanssa toimivaksi eik\u00e4 my\u00f6sk\u00e4\u00e4n vanhene prepaid-liittymien tavoin. SIM-kortin pinkoodikysely on poistettu, joten sen k\u00e4ytt\u00f6\u00f6notto on mahdollisimman simppeli.<\/p>\n<p><strong>SimPal S260 k\u00e4ytt\u00f6kohteita:<\/strong><br \/>\n\u2022 S\u00e4hk\u00f6nkulutuksen mittaaminen<br \/>\n\u2022 L\u00e4mmityksen et\u00e4k\u00e4ynnistys<br \/>\n\u2022 Ilmastoinnin et\u00e4k\u00e4ynnistys<br \/>\n\u2022 IT-laitteen uudelleenk\u00e4ynnistys &#8221;reboot&#8221;<br \/>\n\u2022 Kodinkoneen et\u00e4k\u00e4ynnistys<br \/>\n\u2022 Auton l\u00e4mmityksen et\u00e4k\u00e4ynnistys<br \/>\n\u2022 Nurmikon kastelulaitteiden et\u00e4k\u00e4ynnistys<br \/>\n\u2022 Valaistuksen et\u00e4k\u00e4ynnistys<br \/>\n\u2022 H\u00e4lyttimen et\u00e4k\u00e4ynnistys<br \/>\n\u2022 Automaatiolaitteen et\u00e4k\u00e4ynnistys<br \/>\n\u2022 Ilmoittaa s\u00e4hk\u00f6katkoksesta<br \/>\n\u2022 jne&#8230;<\/p>\n<p><strong>Tekniset tiedot:<\/strong><br \/>\n\u2022 Sis\u00e4\u00e4ntulovirta: 110-230VAC \/ 50Hz<br \/>\n\u2022 Jatkuva kytkent\u00e4teho: 16A @ 230VAC (3500W)<br \/>\n\u2022 Hetkellinen kytkent\u00e4teho: 30A @ 230VAC (30 sek.)<br \/>\n\u2022 GSM-taajuudet: 900\/1800MHz<br \/>\n\u2022 Ulkoinen antenni: SMA-liitin<br \/>\n\u2022 SIM-korttipaikka: 1.8\/3V<br \/>\n\u2022 Tukee 5x GSM-puhelinnumeroa<br \/>\n\u2022 Hallinta ja et\u00e4ohjaus: SMS-tekstiviesti, puhelinsoitto tai apps<br \/>\n\u2022 SMS-viesti virtakatkoista ja palautumisista<br \/>\n\u2022 Viiv\u00e4stetty ohjaus<br \/>\n\u2022 Ajastettu ohjaus<br \/>\n\u2022 L\u00e4mp\u00f6tila ohjaus<br \/>\n\u2022 Virrankulutuksen mittausalue: 0&#8230;3500W<br \/>\n\u2022 L\u00e4mp\u00f6tila-anturi: -10&#8230;+50C (3.5mm stereoplugi)<br \/>\n\u2022 K\u00e4ytt\u00f6l\u00e4mp\u00f6tila-alue: -10&#8230;+50C<br \/>\n\u2022 Suhteellinen kosteus: 10-90% (ilman kondensiota)<br \/>\n\u2022 Merkki-LEDit: Virta, GSM, Kytkent\u00e4rele<br \/>\n\u2022 Virrankulutus: &lt;2W<br \/>\n\u2022 Maadoitettu EU-pistorasia<br \/>\n\u2022 S\u00e4hk\u00f6numero: 2817808<br \/>\n\u2022 CE-hyv\u00e4ksytty<\/p>\n<p><strong>Lis\u00e4tietolinkit:<\/strong><\/p>\n<ul>\n<li><a href=\"https:\/\/www.simpal.cn\/products\/38-S460-4G-Power-Socket.html\" target=\"_blank\" rel=\"noopener noreferrer\">Valmistajan tuotesivu<\/a><\/li>\n<li><a href=\"https:\/\/drive.microdata.fi\/pdf\/SimPal\/SimPal-S260_datasheet.pdf\" target=\"_blank\" rel=\"noopener noreferrer\">Tuote-esite<\/a><\/li>\n<li><a href=\"https:\/\/drive.microdata.fi\/pdf\/SimPal\/SimPal-S260_manual.pdf\" target=\"_blank\" rel=\"noopener noreferrer\">K\u00e4sikirja (english)<\/a><\/li>\n<li><a href=\"https:\/\/drive.microdata.fi\/pdf\/SimPal\/SimPal-S260_kasikirja.pdf\">Suomenkielinen k\u00e4sikirja<\/a><\/li>\n<li><a href=\"https:\/\/www.sahkonumerot.fi\/2817808\/\" target=\"_blank\" rel=\"noopener noreferrer\">S\u00e4hk\u00f6numero<\/a><\/li>\n<li><a href=\"https:\/\/drive.microdata.fi\/pdf\/SimPal\/SimPal-S260_CE-Certification.pdf\" target=\"_blank\" rel=\"noopener noreferrer\">CE-hyv\u00e4ksynt\u00e4<\/a><\/li>\n<li><a href=\"https:\/\/mailchi.mp\/microdata\/simpal-s260\" target=\"_blank\" rel=\"noopener noreferrer\">Tiedote<\/a><\/li>\n<\/ul>\n","protected":false},"excerpt":{"rendered":"<p>SimPal S260 on et\u00e4ohjattava GSM-pistorasia virranmittausominaisuuksilla, joka on suunniteltu s\u00e4hk\u00f6laitteiden k\u00e4ynnist\u00e4miseen ja poiskytkemiseen.<\/p>\n","protected":false},"featured_media":2416,"comment_status":"open","ping_status":"closed","template":"","meta":{"om_disable_all_campaigns":false,"_monsterinsights_skip_tracking":false,"_monsterinsights_sitenote_active":false,"_monsterinsights_sitenote_note":"","_monsterinsights_sitenote_category":0,"_uf_show_specific_survey":0,"_uf_disable_surveys":false},"product_brand":[92],"product_cat":[17,35,15],"product_tag":[50,80,73,51,49,74],"class_list":{"0":"post-2410","1":"product","2":"type-product","3":"status-publish","4":"has-post-thumbnail","6":"product_brand-simpal","7":"product_cat-pistorasiat","8":"product_cat-slider","9":"product_cat-tuotteet","10":"product_tag-gsm-pistorasia","11":"product_tag-simpal-s260","12":"product_tag-simpal-t4","13":"product_tag-tuta","14":"product_tag-tuta-s30","15":"product_tag-tuta-simpal","17":"first","18":"instock","19":"taxable","20":"shipping-taxable","21":"product-type-simple"},"aioseo_notices":[],"_links":{"self":[{"href":"https:\/\/www.simpal.fi\/index.php\/wp-json\/wp\/v2\/product\/2410","targetHints":{"allow":["GET"]}}],"collection":[{"href":"https:\/\/www.simpal.fi\/index.php\/wp-json\/wp\/v2\/product"}],"about":[{"href":"https:\/\/www.simpal.fi\/index.php\/wp-json\/wp\/v2\/types\/product"}],"replies":[{"embeddable":true,"href":"https:\/\/www.simpal.fi\/index.php\/wp-json\/wp\/v2\/comments?post=2410"}],"wp:featuredmedia":[{"embeddable":true,"href":"https:\/\/www.simpal.fi\/index.php\/wp-json\/wp\/v2\/media\/2416"}],"wp:attachment":[{"href":"https:\/\/www.simpal.fi\/index.php\/wp-json\/wp\/v2\/media?parent=2410"}],"wp:term":[{"taxonomy":"product_brand","embeddable":true,"href":"https:\/\/www.simpal.fi\/index.php\/wp-json\/wp\/v2\/product_brand?post=2410"},{"taxonomy":"product_cat","embeddable":true,"href":"https:\/\/www.simpal.fi\/index.php\/wp-json\/wp\/v2\/product_cat?post=2410"},{"taxonomy":"product_tag","embeddable":true,"href":"https:\/\/www.simpal.fi\/index.php\/wp-json\/wp\/v2\/product_tag?post=2410"}],"curies":[{"name":"wp","href":"https:\/\/api.w.org\/{rel}","templated":true}]}}