{"id":2499,"date":"2022-04-28T15:17:19","date_gmt":"2022-04-28T13:17:19","guid":{"rendered":"https:\/\/www.simpal.fi\/?post_type=product&#038;p=2499"},"modified":"2025-09-04T08:08:04","modified_gmt":"2025-09-04T06:08:04","slug":"simpal-wrc-048-f-langaton-kauko-ohjain","status":"publish","type":"product","link":"https:\/\/www.simpal.fi\/index.php\/tuote\/simpal-wrc-048-f-langaton-kauko-ohjain\/","title":{"rendered":"SimPal WRC-048-F, langaton kauko-ohjain"},"content":{"rendered":"<p><strong>SimPal WRC-048-F<\/strong> kauko-ohjain SimPal-T40\/G4\/G212\/G312\/W230\/W240 malleille. Kauko-ohjaimessa on nelj\u00e4 painiketta: vartiointitila p\u00e4\u00e4lle, pura vartiointitila, h\u00e4t\u00e4kutsupainike sek\u00e4 virtakytkin. Virtakytkin (power on\/off) on tuettu T40 (ohjelmisto 19.3.2021 tai uudempi) ja W230 (ohjelmisto 9.12.2020 tai uudempi).<\/p>\n<p><strong>Lis\u00e4tietolinkit:<\/strong><\/p>\n<ul>\n<li>\n<table class=\"product_data\" border=\"0\" cellspacing=\"0\" cellpadding=\"5\">\n<tbody>\n<tr>\n<td class=\"data_text\"><a href=\"https:\/\/www.simpal.cn\/products\/26-Wireless-remote-control.html\" target=\"_blank\" rel=\"noopener noreferrer\">Valmistajan\u00a0 tuotesivu<\/a><\/td>\n<\/tr>\n<\/tbody>\n<\/table>\n<\/li>\n<\/ul>\n<p>&nbsp;<\/p>\n","protected":false},"excerpt":{"rendered":"<p><strong>SimPal WRC-048-F<\/strong> on langaton lis\u00e4kauko-ohjain.<\/p>\n","protected":false},"featured_media":2501,"comment_status":"open","ping_status":"closed","template":"","meta":{"om_disable_all_campaigns":false,"_monsterinsights_skip_tracking":false,"_monsterinsights_sitenote_active":false,"_monsterinsights_sitenote_note":"","_monsterinsights_sitenote_category":0,"_uf_show_specific_survey":0,"_uf_disable_surveys":false},"product_brand":[92],"product_cat":[48,15],"product_tag":[],"class_list":{"0":"post-2499","1":"product","2":"type-product","3":"status-publish","4":"has-post-thumbnail","6":"product_brand-simpal","7":"product_cat-lisaanturit","8":"product_cat-tuotteet","10":"first","11":"instock","12":"taxable","13":"shipping-taxable","14":"product-type-simple"},"aioseo_notices":[],"jetpack_sharing_enabled":true,"_links":{"self":[{"href":"https:\/\/www.simpal.fi\/index.php\/wp-json\/wp\/v2\/product\/2499","targetHints":{"allow":["GET"]}}],"collection":[{"href":"https:\/\/www.simpal.fi\/index.php\/wp-json\/wp\/v2\/product"}],"about":[{"href":"https:\/\/www.simpal.fi\/index.php\/wp-json\/wp\/v2\/types\/product"}],"replies":[{"embeddable":true,"href":"https:\/\/www.simpal.fi\/index.php\/wp-json\/wp\/v2\/comments?post=2499"}],"wp:featuredmedia":[{"embeddable":true,"href":"https:\/\/www.simpal.fi\/index.php\/wp-json\/wp\/v2\/media\/2501"}],"wp:attachment":[{"href":"https:\/\/www.simpal.fi\/index.php\/wp-json\/wp\/v2\/media?parent=2499"}],"wp:term":[{"taxonomy":"product_brand","embeddable":true,"href":"https:\/\/www.simpal.fi\/index.php\/wp-json\/wp\/v2\/product_brand?post=2499"},{"taxonomy":"product_cat","embeddable":true,"href":"https:\/\/www.simpal.fi\/index.php\/wp-json\/wp\/v2\/product_cat?post=2499"},{"taxonomy":"product_tag","embeddable":true,"href":"https:\/\/www.simpal.fi\/index.php\/wp-json\/wp\/v2\/product_tag?post=2499"}],"curies":[{"name":"wp","href":"https:\/\/api.w.org\/{rel}","templated":true}]}}