{"id":26,"date":"2020-01-19T10:48:39","date_gmt":"2020-01-19T08:48:39","guid":{"rendered":"http:\/\/192.168.200.6\/?post_type=product&#038;p=26"},"modified":"2025-09-03T15:42:26","modified_gmt":"2025-09-03T13:42:26","slug":"simpal-t4","status":"publish","type":"product","link":"https:\/\/www.simpal.fi\/index.php\/tuote\/simpal-t4\/","title":{"rendered":"SimPal-T4, GSM-pistorasia"},"content":{"rendered":"<p><strong>SimPal-T4<\/strong> on et\u00e4ohjattava GSM-pistorasia, joka on suunniteltu s\u00e4hk\u00f6laitteiden k\u00e4ynnist\u00e4miseen ja poiskytkemiseen. Laitteen ohjaama verkkovirta saadaan kytketty\u00e4 matkapuhelimesta SMS-tekstiviestill\u00e4, puhelinsoitolla tai mobiilisovelluksella (apps). SimPal T4 on yhteensopiva kaikkien operaattorien SIM-korttien kanssa, eik\u00e4 vaadi toimiakseen erillist\u00e4 datasopimusta &#8211; puhe- ja tekstiviestipalvelut riitt\u00e4v\u00e4t. Laite soveltuu sis\u00e4tiloissa tapahtuvien koti-, m\u00f6kki- ja toimistolaitteiden ohjaamiseen. SimPal-T4 vastaa ominaisuuksiltaan vanhaa markkinoilta poistunutta TUTA S30 mallia.<\/p>\n<p>SimPal T4 varoittaa my\u00f6s s\u00e4hk\u00f6katkoksista ja niiden palautumisesta. T\u00e4m\u00e4n tiedon avulla k\u00e4ytt\u00e4j\u00e4 voi raportoida s\u00e4hk\u00f6katkoksista s\u00e4hk\u00f6yhti\u00f6ille ja ryhty\u00e4 tarvittaviin toimenpiteisiin, mik\u00e4li s\u00e4hk\u00f6katkos jatkuu pidemp\u00e4\u00e4n.<\/p>\n<p>Tuotepakkauksen mukana toimitetaan l\u00e4mp\u00f6tila-anturi, joten laite soveltuu monipuolisesti erilaisiin automaattisiin l\u00e4mmitysten ohjauksiin niin kotona, autotallissa, veneess\u00e4 kuin kes\u00e4m\u00f6keill\u00e4. L\u00e4mp\u00f6tilatieto saadaan v\u00e4litetty\u00e4 my\u00f6s SMS-tekstiviestill\u00e4 suoraan GSM-matkapuhelimeen.<\/p>\n<p>Laitteen asennus on mutkaton: Asenna laitteeseen SIM-kortti ja m\u00e4\u00e4rittele puhelinnumero SMS-tekstiviestill\u00e4 #00# &#8211; t\u00e4m\u00e4n j\u00e4lkeen laite on k\u00e4ytt\u00f6valmis! Tekstiviestill\u00e4 #01# laite kytkee virrat ja tekstiviestill\u00e4 #02# laite kytkee virrat pois! Laitteeseen l\u00f6ytyy my\u00f6s helppok\u00e4ytt\u00f6inen Android\/iOS sovellus.<\/p>\n<p>Edistyneemmille k\u00e4ytt\u00e4jille laitteesta l\u00f6ytyy mahdollisuudet viiden numeron m\u00e4\u00e4rittelyyn, ajastettujen \/ viiv\u00e4stettyjen ohjausten m\u00e4\u00e4rittelyyn sek\u00e4 monia muihin hy\u00f6dyllisi\u00e4 lis\u00e4ominaisuuksia.<\/p>\n<p>SimPal T4 GSM-pistoke on turvallinen. Laite noudattaa kaikkia CE-hyv\u00e4ksynn\u00e4n vaatimia turvallisuusm\u00e4\u00e4r\u00e4yksi\u00e4 ja sen kuoret on valmistettu palamattomasta muovimateriasta.<\/p>\n<p>Tuotepakkauksessa toimitetaan keskusyksikk\u00f6, ulkoinen l\u00e4mp\u00f6tila-anturi sek\u00e4 k\u00e4sikirja.<\/p>\n<p>Tuotepakkauksen mukana toimitetaan Elisa Laitenetti SIM-kortti, jonka asiakas saa halutessaan helposti aktivoitua. Edullinen SIM-kortti on testattu SimPal T4 tuotteen kanssa toimivaksi eik\u00e4 my\u00f6sk\u00e4\u00e4n vanhene prepaid-liittymien tavoin. SIM-kortin pinkoodikysely on poistettu, joten sen k\u00e4ytt\u00f6\u00f6notto on mahdollisimman simppeli.<\/p>\n<p><strong>SimPal-T4 k\u00e4ytt\u00f6kohteita:<\/strong><\/p>\n<ul>\n<li>L\u00e4mmityksen et\u00e4k\u00e4ynnistys<\/li>\n<li>Ilmastoinnin et\u00e4k\u00e4ynnistys<\/li>\n<li>IT-laitteen uudelleenk\u00e4ynnistys &#8221;reboot&#8221;<\/li>\n<li>Kodinkoneen et\u00e4k\u00e4ynnistys<\/li>\n<li>Auton l\u00e4mmityksen et\u00e4k\u00e4ynnistys<\/li>\n<li>Nurmikon kastelulaitteiden et\u00e4k\u00e4ynnistys<\/li>\n<li>Valaistuksen et\u00e4k\u00e4ynnistys<\/li>\n<li>H\u00e4lyttimen et\u00e4k\u00e4ynnistys<\/li>\n<li>Automaatiolaitteen et\u00e4k\u00e4ynnistys<\/li>\n<li>Ilmoittaa s\u00e4hk\u00f6katkoksesta<\/li>\n<li>jne&#8230;<\/li>\n<\/ul>\n<p><strong>Tekniset tiedot:<\/strong><\/p>\n<ul>\n<li>Sis\u00e4\u00e4ntulovirta: 110-230VAC \/ 50Hz<\/li>\n<li>Jatkuva kytkent\u00e4teho: 16A @ 230VAC (3500W)<\/li>\n<li>Hetkellinen kytkent\u00e4teho: 30A @ 230VAC (30 sek.)<\/li>\n<li>GSM-taajuudet: 900\/1800MHz<\/li>\n<li>SIM-korttipaikka: 1.8\/3V<\/li>\n<li>Tukee 5x GSM-puhelinnumeroa<\/li>\n<li>Hallinta ja et\u00e4ohjaus: SMS-tekstiviesti, puhelinsoitto tai apps<\/li>\n<li>SMS-viesti virtakatkoista ja palautumisista<\/li>\n<li>Viiv\u00e4stetty ohjaus<\/li>\n<li>Ajastettu ohjaus<\/li>\n<li>L\u00e4mp\u00f6tila ohjaus<\/li>\n<li>L\u00e4mp\u00f6tila-anturi: -10&#8230;+50C (3.5mm stereoplugi)<\/li>\n<li>K\u00e4ytt\u00f6l\u00e4mp\u00f6tila-alue: -10&#8230;+50C<\/li>\n<li>Suhteellinen kosteus: 10-90% (ilman kondensiota)<\/li>\n<li>Merkki-LEDit: Virta, GSM, Kytkent\u00e4rele<\/li>\n<li>Virrankulutus lepotilassa: &lt;1mA<\/li>\n<li>Maadoitettu EU-pistorasia<\/li>\n<li>S\u00e4hk\u00f6numero: 28 178 02<\/li>\n<li>CE-hyv\u00e4ksytty<\/li>\n<\/ul>\n<p><strong>Lis\u00e4tietolinkit:<\/strong><\/p>\n<ul>\n<li><a href=\"https:\/\/www.simpal.cn\/products\/13-simpal-t4-gsm-power-socket.html\" target=\"_blank\" rel=\"noopener noreferrer\">Valmistajan tuotesivu<\/a><\/li>\n<li><a href=\"https:\/\/drive.microdata.fi\/pdf\/SimPal\/SimPal-T4_datasheet.pdf\" target=\"_blank\" rel=\"noopener noreferrer\">Tuote-esite<\/a><\/li>\n<li><a href=\"https:\/\/drive.microdata.fi\/pdf\/SimPal\/SimPal-T4_manual.pdf\" target=\"_blank\" rel=\"noopener noreferrer\">K\u00e4sikirja \/ asennusohje<\/a><\/li>\n<li><a href=\"https:\/\/drive.microdata.fi\/pdf\/SimPal\/SimPal-T4_asennusohje.pdf\" target=\"_blank\" rel=\"noopener noreferrer\">Pika-asennusopas<\/a><\/li>\n<li><a href=\"https:\/\/drive.microdata.fi\/Images\/hires\/SimPal\/SimPal-T4.png\" target=\"_blank\" rel=\"noopener noreferrer\">Tuotekuva (hires)<\/a><\/li>\n<li><a href=\"https:\/\/www.sahkonumerot.fi\/2817802\" target=\"_blank\" rel=\"noopener noreferrer\">S\u00e4hk\u00f6numero<\/a><\/li>\n<li><a href=\"https:\/\/play.google.com\/store\/apps\/details?id=com.simpal.gsmsocket.v3\">Android appi<\/a><\/li>\n<li><a href=\"https:\/\/drive.microdata.fi\/pdf\/SimPal\/SimPal-T4_T40_CE-Certification.pdf\" target=\"_blank\" rel=\"noopener noreferrer\">CE-hyv\u00e4ksynt\u00e4<\/a><\/li>\n<li><a href=\"https:\/\/mailchi.mp\/c13473d82061\/simpal-t4\" target=\"_blank\" rel=\"noopener noreferrer\">Tiedote<\/a><\/li>\n<\/ul>\n","protected":false},"excerpt":{"rendered":"<p>SimPal T4 on et\u00e4ohjattava GSM-pistorasia, joka on suunniteltu s\u00e4hk\u00f6laitteiden k\u00e4ynnist\u00e4miseen ja poiskytkemiseen.<\/p>\n","protected":false},"featured_media":29,"comment_status":"open","ping_status":"closed","template":"","meta":{"om_disable_all_campaigns":false,"_monsterinsights_skip_tracking":false,"_monsterinsights_sitenote_active":false,"_monsterinsights_sitenote_note":"","_monsterinsights_sitenote_category":0,"_uf_show_specific_survey":0,"_uf_disable_surveys":false},"product_brand":[],"product_cat":[17,35,15],"product_tag":[50,73,51,49,74],"class_list":{"0":"post-26","1":"product","2":"type-product","3":"status-publish","4":"has-post-thumbnail","6":"product_cat-pistorasiat","7":"product_cat-slider","8":"product_cat-tuotteet","9":"product_tag-gsm-pistorasia","10":"product_tag-simpal-t4","11":"product_tag-tuta","12":"product_tag-tuta-s30","13":"product_tag-tuta-simpal","15":"first","16":"instock","17":"taxable","18":"shipping-taxable","19":"product-type-simple"},"aioseo_notices":[],"jetpack_sharing_enabled":true,"_links":{"self":[{"href":"https:\/\/www.simpal.fi\/index.php\/wp-json\/wp\/v2\/product\/26","targetHints":{"allow":["GET"]}}],"collection":[{"href":"https:\/\/www.simpal.fi\/index.php\/wp-json\/wp\/v2\/product"}],"about":[{"href":"https:\/\/www.simpal.fi\/index.php\/wp-json\/wp\/v2\/types\/product"}],"replies":[{"embeddable":true,"href":"https:\/\/www.simpal.fi\/index.php\/wp-json\/wp\/v2\/comments?post=26"}],"wp:featuredmedia":[{"embeddable":true,"href":"https:\/\/www.simpal.fi\/index.php\/wp-json\/wp\/v2\/media\/29"}],"wp:attachment":[{"href":"https:\/\/www.simpal.fi\/index.php\/wp-json\/wp\/v2\/media?parent=26"}],"wp:term":[{"taxonomy":"product_brand","embeddable":true,"href":"https:\/\/www.simpal.fi\/index.php\/wp-json\/wp\/v2\/product_brand?post=26"},{"taxonomy":"product_cat","embeddable":true,"href":"https:\/\/www.simpal.fi\/index.php\/wp-json\/wp\/v2\/product_cat?post=26"},{"taxonomy":"product_tag","embeddable":true,"href":"https:\/\/www.simpal.fi\/index.php\/wp-json\/wp\/v2\/product_tag?post=26"}],"curies":[{"name":"wp","href":"https:\/\/api.w.org\/{rel}","templated":true}]}}