{"id":2716,"date":"2022-08-31T21:39:36","date_gmt":"2022-08-31T19:39:36","guid":{"rendered":"https:\/\/www.simpal.fi\/?post_type=product&#038;p=2716"},"modified":"2025-09-04T08:08:03","modified_gmt":"2025-09-04T06:08:03","slug":"simpal-ty130-wifi-pistorasia-tuya","status":"publish","type":"product","link":"https:\/\/www.simpal.fi\/index.php\/tuote\/simpal-ty130-wifi-pistorasia-tuya\/","title":{"rendered":"SimPal-TY130, WiFi \u00e4lypistorasia \/ l\u00e4mp\u00f6tilavahti, Tuya"},"content":{"rendered":"<p><strong>SimPal TY130<\/strong> on et\u00e4ohjattava WiFi-\u00e4lypistorasia ulkoisella l\u00e4mp\u00f6tila-anturilla, joka mahdollistaa s\u00e4hk\u00f6laitteiden et\u00e4ohjauksen. Laite kytkeytyy langattomasti kohteen WiFi-verkkoon ja siihen kytkettyj\u00e4 s\u00e4hk\u00f6laitteita voidaan et\u00e4isesti ohjata matkapuhelimen <strong>Tuya &#8221;Smart Life&#8221;<\/strong> mobiilisovelluksella (Android &amp; iOS apps). Laite soveltuu sis\u00e4tiloissa tapahtuvien koti-, m\u00f6kki- ja toimistolaitteiden ohjaamiseen.<\/p>\n<p>Tuotepakkauksen mukana toimitettavan ulkoisen l\u00e4mp\u00f6tila-anturin avulla laite soveltuu automaattisiin l\u00e4mmityksen ohjaukseen ja seurantaan niin kotona, toimistossa, autotallissa kuin kes\u00e4m\u00f6kill\u00e4.<\/p>\n<p><strong>SimPal TY130<\/strong> \u00e4lypistorasia on turvallinen. Laite noudattaa kaikkia CE-hyv\u00e4ksynn\u00e4n vaatimia turvallisuusm\u00e4\u00e4r\u00e4yksi\u00e4 ja sen kuoret on valmistettu palamattomasta muovimateriasta.<\/p>\n<p><strong>SimPal TY130 k\u00e4ytt\u00f6kohteita:<\/strong><br \/>\n\u2022 L\u00e4mp\u00f6tilan seuranta<br \/>\n\u2022 L\u00e4mmityksen, ilmastoinnin et\u00e4k\u00e4ynnistys<br \/>\n\u2022 IT-laitteen uudelleenk\u00e4ynnistys &#8221;reboot&#8221;<br \/>\n\u2022 Auton l\u00e4mmityksen et\u00e4k\u00e4ynnistys<br \/>\n\u2022 Valaistuksen et\u00e4k\u00e4ynnistys<br \/>\n\u2022 H\u00e4lyttimen, automaatiolaitteen et\u00e4k\u00e4ynnistys<br \/>\n\u2022 jne&#8230;<\/p>\n<p><strong>Tekniset tiedot:<\/strong><br \/>\n\u2022 WiFi standardit: 802.11 b\/g\/n @ 2.4GHz<br \/>\n\u2022 Jatkuva kytkent\u00e4teho: 16A @ 230VAC (3500W)<br \/>\n\u2022 Pistorasian tyyppi: Schuko<br \/>\n\u2022 K\u00e4ytt\u00f6j\u00e4nnite: 110&#8230;230VAC<br \/>\n\u2022 Virrankulutus: 25mA<br \/>\n\u2022 L\u00e4mp\u00f6tila-anturin mittausalue: -10&#8230;+100C<br \/>\n\u2022 Merkki-LED: Power ja WiFi<br \/>\n\u2022 Mitat: 120 x 60 x 40mm<br \/>\n\u2022 S\u00e4hk\u00f6numero: 2817810<br \/>\n\u2022 CE-hyv\u00e4ksytty<\/p>\n<p><strong>Tuotepakkauksen sis\u00e4lt\u00f6:<\/strong><br \/>\n\u2022 SimPal TY130 keskusyksikk\u00f6<br \/>\n\u2022 Ulkoinen l\u00e4mp\u00f6tila-anturi 2m kaapelilla<br \/>\n\u2022 Englanninkielinen k\u00e4sikirja<\/p>\n<p><strong>Lis\u00e4tietolinkit:<\/strong><\/p>\n<ul>\n<li><a href=\"https:\/\/drive.microdata.fi\/pdf\/SimPal\/SimPal-TY130_datasheet.pdf\" target=\"_blank\" rel=\"noopener noreferrer\">Tuote-esite<\/a><\/li>\n<li><a href=\"https:\/\/drive.microdata.fi\/pdf\/SimPal\/SimPal-TY130_manual.pdf\" target=\"_blank\" rel=\"noopener noreferrer\">K\u00e4sikirja (english)<\/a><\/li>\n<li><a href=\"https:\/\/drive.microdata.fi\/pdf\/SimPal\/SimPal-TY130_asennusohje.pdf\">Suomenkielinen k\u00e4sikirja<\/a><\/li>\n<li><a href=\"https:\/\/sahkonumerot.fi\/2817810\">S\u00e4hk\u00f6numero<\/a><\/li>\n<\/ul>\n","protected":false},"excerpt":{"rendered":"<p><strong>SimPal TY130 <\/strong>on et\u00e4ohjattava \u00e4lypistorasia, joka on suunniteltu s\u00e4hk\u00f6laitteiden et\u00e4ohjaamiseen langattoman WiFi-verkon ja Tuya mobiilisovelluksen avulla.<\/p>\n","protected":false},"featured_media":2721,"comment_status":"open","ping_status":"closed","template":"","meta":{"om_disable_all_campaigns":false,"_monsterinsights_skip_tracking":false,"_monsterinsights_sitenote_active":false,"_monsterinsights_sitenote_note":"","_monsterinsights_sitenote_category":0,"_uf_show_specific_survey":0,"_uf_disable_surveys":false},"product_brand":[92],"product_cat":[17,35,15],"product_tag":[85,86,51,84,66,65],"class_list":{"0":"post-2716","1":"product","2":"type-product","3":"status-publish","4":"has-post-thumbnail","6":"product_brand-simpal","7":"product_cat-pistorasiat","8":"product_cat-slider","9":"product_cat-tuotteet","10":"product_tag-simpal-ty130","11":"product_tag-termostaatti","12":"product_tag-tuta","13":"product_tag-tuya","14":"product_tag-wifi-lampotilavahti","15":"product_tag-wifi-pistorasia","17":"first","18":"instock","19":"taxable","20":"shipping-taxable","21":"product-type-simple"},"aioseo_notices":[],"_links":{"self":[{"href":"https:\/\/www.simpal.fi\/index.php\/wp-json\/wp\/v2\/product\/2716","targetHints":{"allow":["GET"]}}],"collection":[{"href":"https:\/\/www.simpal.fi\/index.php\/wp-json\/wp\/v2\/product"}],"about":[{"href":"https:\/\/www.simpal.fi\/index.php\/wp-json\/wp\/v2\/types\/product"}],"replies":[{"embeddable":true,"href":"https:\/\/www.simpal.fi\/index.php\/wp-json\/wp\/v2\/comments?post=2716"}],"wp:featuredmedia":[{"embeddable":true,"href":"https:\/\/www.simpal.fi\/index.php\/wp-json\/wp\/v2\/media\/2721"}],"wp:attachment":[{"href":"https:\/\/www.simpal.fi\/index.php\/wp-json\/wp\/v2\/media?parent=2716"}],"wp:term":[{"taxonomy":"product_brand","embeddable":true,"href":"https:\/\/www.simpal.fi\/index.php\/wp-json\/wp\/v2\/product_brand?post=2716"},{"taxonomy":"product_cat","embeddable":true,"href":"https:\/\/www.simpal.fi\/index.php\/wp-json\/wp\/v2\/product_cat?post=2716"},{"taxonomy":"product_tag","embeddable":true,"href":"https:\/\/www.simpal.fi\/index.php\/wp-json\/wp\/v2\/product_tag?post=2716"}],"curies":[{"name":"wp","href":"https:\/\/api.w.org\/{rel}","templated":true}]}}