{"id":2957,"date":"2023-01-23T10:13:59","date_gmt":"2023-01-23T08:13:59","guid":{"rendered":"https:\/\/www.simpal.fi\/?post_type=product&#038;p=2957"},"modified":"2025-09-04T08:08:03","modified_gmt":"2025-09-04T06:08:03","slug":"simpal-ws250","status":"publish","type":"product","link":"https:\/\/www.simpal.fi\/index.php\/tuote\/simpal-ws250\/","title":{"rendered":"SimPal-WS250, GSM-ulkopistorasia (IP44)"},"content":{"rendered":"<p><strong>SimPal WS250<\/strong> on ulkok\u00e4ytt\u00f6\u00f6n (IP44) tarkoitettu s\u00e4\u00e4t\u00e4 ja pakkasta kest\u00e4v\u00e4 et\u00e4ohjattava GSM-\u00e4lypistorasia, joka on suunniteltu s\u00e4hk\u00f6laitteiden k\u00e4ynnist\u00e4miseen ja poiskytkemiseen sek\u00e4 niiden virrankulutuksen mittaamiseen. Laitteen ohjaama verkkovirta saadaan kytketty\u00e4 matkapuhelimesta SMS-tekstiviestill\u00e4, puhelinsoitolla tai mobiilisovelluksella (Androin \/ iOS appi). SimPal WS250 on yhteensopiva kaikkien operaattorien SIM-korttien kanssa, eik\u00e4 vaadi toimiakseen erillist\u00e4 datasopimusta vaan puhe- ja tekstiviestipalvelut riitt\u00e4v\u00e4t.<\/p>\n<p>SimPal WS250 varoittaa my\u00f6s s\u00e4hk\u00f6katkoksista ja niiden palautumisesta. T\u00e4m\u00e4n tiedon avulla k\u00e4ytt\u00e4j\u00e4 voi raportoida s\u00e4hk\u00f6katkoksista s\u00e4hk\u00f6yhti\u00f6ille ja ryhty\u00e4 tarvittaviin toimenpiteisiin, mik\u00e4li s\u00e4hk\u00f6katkos jatkuu pidemp\u00e4\u00e4n.<\/p>\n<p>SimPal WS250 j\u00e4rjestelm\u00e4\u00e4 voidaan laajentaa SimPal T20-V2\/S20 orjapistorasioilla sek\u00e4 langattomilla V2-antureilla. Ohjaus et\u00e4yksikk\u00f6\u00f6n tapahtuu 433MHz radiotaajuudella. N\u00e4in kohteeseen saadaan asennettua useampi et\u00e4ohjattava pistorasia, joita voidaan ohjata yhden SIM-kortin avulla ja laajennettua j\u00e4rjestelm\u00e4st\u00e4 pienimuotoinen h\u00e4lytinj\u00e4rjestelm\u00e4. Uutena anturina l\u00f6ytyy WTL-063-F-V2 l\u00e4mp\u00f6tila\/valosensori, jonka avulla s\u00e4hk\u00f6j\u00e4 voidaan ohjata l\u00e4mp\u00f6tilan tai valaisuuden mukaan.<\/p>\n<p>Laitteen asennus on mutkaton: Asenna laitteeseen SIM-kortti ja m\u00e4\u00e4rittele puhelinnumero SMS-tekstiviestill\u00e4 #00# &#8211; t\u00e4m\u00e4n j\u00e4lkeen laite on k\u00e4ytt\u00f6valmis! Tekstiviestill\u00e4 #01# laite kytkee virrat ja tekstiviestill\u00e4 #02# laite kytkee virrat pois. Laitteeseen l\u00f6ytyy my\u00f6s helppok\u00e4ytt\u00f6inen Android\/iOS appi.<\/p>\n<p>Edistyneemmille k\u00e4ytt\u00e4jille laitteesta l\u00f6ytyy mahdollisuudet viiden numeron m\u00e4\u00e4rittelyyn, ajastettujen ja viiv\u00e4stettyjen ohjausten m\u00e4\u00e4rittelyyn sek\u00e4 monia muita hy\u00f6dyllisi\u00e4 lis\u00e4ominaisuuksia.<\/p>\n<p>SimPal WS250 GSM-pistorasia on turvallinen. Laite noudattaa kaikkia CE-hyv\u00e4ksynn\u00e4n vaatimia turvallisuusm\u00e4\u00e4r\u00e4yksi\u00e4 ja sen kuoret on valmistettu palamattomasta muovimateriasta.<\/p>\n<p>Tuotepakkauksessa toimitetaan keskusyksikk\u00f6 sek\u00e4 englanninkielinen k\u00e4sikija. Tuotepakkauksessa lis\u00e4ksi Elisa Laitenetti SIM-kortti, jonka asiakas saa halutessaan helposti aktivoitua. Edullinen SIM-kortti on testattu SimPal WS250 tuotteen kanssa toimivaksi eik\u00e4 my\u00f6sk\u00e4\u00e4n vanhene prepaid-liittymien tavoin. SIM-kortin pinkoodikysely on poistettu, joten sen k\u00e4ytt\u00f6\u00f6notto on mahdollisimman helppo.<\/p>\n<p><strong>SimPal WS250 k\u00e4ytt\u00f6kohteita:<\/strong><br \/>\n\u2022 S\u00e4hk\u00f6auton latauksen et\u00e4ohjaus<br \/>\n\u2022 Auton l\u00e4mmityksen et\u00e4ohjaus<br \/>\n\u2022 Asuntoauton ja -vaunun l\u00e4mmityksen et\u00e4ohjaus<br \/>\n\u2022 Kes\u00e4m\u00f6kin ja varaston l\u00e4mmityksen et\u00e4ohjaus<br \/>\n\u2022 Ilmastoinnin et\u00e4ohjaus<br \/>\n\u2022 Valaistuksen et\u00e4ohjaus<br \/>\n\u2022 Automaatiolaitteen et\u00e4ohjaus<br \/>\n\u2022 Ilmoittaa s\u00e4hk\u00f6katkoksesta<br \/>\n\u2022 Virrankulutuksen mittaaminen<br \/>\n\u2022 jne&#8230;<\/p>\n<p><strong>Tekniset tiedot:<\/strong><br \/>\n\u2022 Sis\u00e4\u00e4ntulovirta: 110-230VAC @ 50Hz<br \/>\n&#8211; Schuko-pistoke, CEE 7\/7<br \/>\n\u2022 Jatkuva kytkent\u00e4teho: 16A @ 230VAC (3500W)<br \/>\n&#8211; Schuko-pistorasia, CEE 7\/4<br \/>\n&#8211; Kumikaapeli 80cm<br \/>\n\u2022 GSM-taajuudet: 900\/1800MHz<br \/>\n\u2022 SIM-korttipaikka: 1.8\/3V<br \/>\n\u2022 Tukee 5x GSM-puhelinnumeroa<br \/>\n\u2022 Hallinta ja et\u00e4ohjaus: SMS-tekstiviesti, puhelinsoitto<br \/>\ntai appi<br \/>\n\u2022 SMS-viesti virtakatkoista ja niiden palautumista<br \/>\n\u2022 Virrankulutusraportit ja -h\u00e4lytykset<br \/>\n\u2022 Viiv\u00e4stetty ohjaus<br \/>\n\u2022 Ajastettu ohjaus<br \/>\n\u2022 L\u00e4mp\u00f6tila- ja valoisuusohjaus (WTL-063-F anturin avulla)<br \/>\n\u2022 Kauko-ohjaimet: 2x (max.)<br \/>\n\u2022 Et\u00e4pistorasiat: 4x (max.)<br \/>\n\u2022 Langattomat anturit: 6x (max.)<br \/>\n\u2022 S\u00e4\u00e4suojaluokitus: IP44<br \/>\n\u2022 K\u00e4ytt\u00f6l\u00e4mp\u00f6tila-alue: -30&#8230;+35C<br \/>\n\u2022 Suhteellinen kosteus: 10-90% (ilman kondensiota)<br \/>\n\u2022 Merkki-LEDit: 2x, Virta, GSM, h\u00e4lytystila<br \/>\n\u2022 Virrankulutus lepotilassa: &lt;17mA<br \/>\n\u2022 S\u00e4hk\u00f6numero: 2817811<br \/>\n\u2022 Mitat: 160 x 58 x 48mm<br \/>\n\u2022 CE-hyv\u00e4ksytty<\/p>\n<p><strong>Lis\u00e4tietolinkit:<\/strong><\/p>\n<ul>\n<li><a href=\"https:\/\/drive.microdata.fi\/pdf\/SimPal\/SimPal-WS250_esite.pdf\" target=\"_blank\" rel=\"noopener noreferrer\">Tuote-esite<\/a><\/li>\n<li><a href=\"https:\/\/drive.microdata.fi\/pdf\/SimPal\/SimPal-WS250_kasikirja.pdf\" target=\"_blank\" rel=\"noopener noreferrer\">K\u00e4sikirja \/ asennusohje<\/a><\/li>\n<li><a href=\"https:\/\/drive.microdata.fi\/pdf\/SimPal\/SimPal-WS250_manual.pdf\">K\u00e4sikirja \/ asennusohje (english)<\/a><\/li>\n<li><a href=\"https:\/\/drive.microdata.fi\/pdf\/SimPal\/SimPal_Catalog.pdf\" target=\"_blank\" rel=\"noopener noreferrer\">Myyntiopas<\/a><\/li>\n<li><a href=\"https:\/\/drive.microdata.fi\/Images\/hires\/SimPal\/SimPal-WS250.jpg\" target=\"_blank\" rel=\"noopener noreferrer\">Tuotekuva (hires)<\/a><\/li>\n<li><a href=\"https:\/\/play.google.com\/store\/apps\/details?id=com.simpal.gsmsocket.v3\">Android appi<\/a><\/li>\n<li><a href=\"https:\/\/www.sahkonumerot.fi\/2817811\" target=\"_blank\" rel=\"noopener noreferrer\">S\u00e4hk\u00f6numero<\/a><\/li>\n<\/ul>\n","protected":false},"excerpt":{"rendered":"<p><strong>SimPal WS250<\/strong> on ulkok\u00e4ytt\u00f6\u00f6n (IP44) tarkoitettu s\u00e4\u00e4t\u00e4 ja pakkasta kest\u00e4v\u00e4 et\u00e4ohjattava GSM-\u00e4lypistorasia.<\/p>\n","protected":false},"featured_media":2958,"comment_status":"open","ping_status":"closed","template":"","meta":{"om_disable_all_campaigns":false,"_monsterinsights_skip_tracking":false,"_monsterinsights_sitenote_active":false,"_monsterinsights_sitenote_note":"","_monsterinsights_sitenote_category":0,"_uf_show_specific_survey":0,"_uf_disable_surveys":false},"product_brand":[92],"product_cat":[17,35,15],"product_tag":[50,87,88,51],"class_list":{"0":"post-2957","1":"product","2":"type-product","3":"status-publish","4":"has-post-thumbnail","6":"product_brand-simpal","7":"product_cat-pistorasiat","8":"product_cat-slider","9":"product_cat-tuotteet","10":"product_tag-gsm-pistorasia","11":"product_tag-gsm-ulkopistorasia","12":"product_tag-simpal-ws250","13":"product_tag-tuta","15":"first","16":"instock","17":"taxable","18":"shipping-taxable","19":"product-type-simple"},"aioseo_notices":[],"_links":{"self":[{"href":"https:\/\/www.simpal.fi\/index.php\/wp-json\/wp\/v2\/product\/2957","targetHints":{"allow":["GET"]}}],"collection":[{"href":"https:\/\/www.simpal.fi\/index.php\/wp-json\/wp\/v2\/product"}],"about":[{"href":"https:\/\/www.simpal.fi\/index.php\/wp-json\/wp\/v2\/types\/product"}],"replies":[{"embeddable":true,"href":"https:\/\/www.simpal.fi\/index.php\/wp-json\/wp\/v2\/comments?post=2957"}],"wp:featuredmedia":[{"embeddable":true,"href":"https:\/\/www.simpal.fi\/index.php\/wp-json\/wp\/v2\/media\/2958"}],"wp:attachment":[{"href":"https:\/\/www.simpal.fi\/index.php\/wp-json\/wp\/v2\/media?parent=2957"}],"wp:term":[{"taxonomy":"product_brand","embeddable":true,"href":"https:\/\/www.simpal.fi\/index.php\/wp-json\/wp\/v2\/product_brand?post=2957"},{"taxonomy":"product_cat","embeddable":true,"href":"https:\/\/www.simpal.fi\/index.php\/wp-json\/wp\/v2\/product_cat?post=2957"},{"taxonomy":"product_tag","embeddable":true,"href":"https:\/\/www.simpal.fi\/index.php\/wp-json\/wp\/v2\/product_tag?post=2957"}],"curies":[{"name":"wp","href":"https:\/\/api.w.org\/{rel}","templated":true}]}}