{"id":3500,"date":"2023-10-11T11:43:11","date_gmt":"2023-10-11T09:43:11","guid":{"rendered":"https:\/\/www.simpal.fi\/?post_type=product&#038;p=3500"},"modified":"2025-09-04T08:08:03","modified_gmt":"2025-09-04T06:08:03","slug":"wtl-063-f-v2","status":"publish","type":"product","link":"https:\/\/www.simpal.fi\/index.php\/tuote\/wtl-063-f-v2\/","title":{"rendered":"SimPal WTL-063-F-V2, langaton l\u00e4mp\u00f6tila \/ valosensori"},"content":{"rendered":"<p><strong>SimPal WTL-063-F<\/strong> on langaton l\u00e4mp\u00f6tila- ja valosensori SimPal-WS250 ulkopistorasiaan. Anturin mahdollistaa verkkovirranohjaukset valaisuuden ja\/tai l\u00e4mp\u00f6tilan mukaan.<\/p>\n<p><strong>Tekniset tiedot:<\/strong><br \/>\n\u2022 Taajuus: 433MHz (FSK)<br \/>\n\u2022 Kantomatka: 20-30m<br \/>\n\u2022 Merkki-LEDit:<br \/>\n&#8211; Punainen (h\u00e4lytys)<br \/>\n&#8211; Matala patterij\u00e4nnite (vihre\u00e4)<br \/>\n\u2022 K\u00e4ytt\u00f6j\u00e4nnite: 3VDC (2x AA paristoa, ei mukana)<br \/>\n\u2022 K\u00e4ytt\u00f6l\u00e4mp\u00f6tila-alue: -20&#8230;+50C<br \/>\n\u2022 S\u00e4\u00e4suojaluokitus: IP44<br \/>\n\u2022 Mitat: 110 x 64 x 20mm<br \/>\n\u2022 Hyv\u00e4ksynn\u00e4t: CE<\/p>\n<p><strong>Lis\u00e4tietolinkit:<\/strong><\/p>\n<ul>\n<li><a href=\"https:\/\/www.simpal.cn\/products\/50-WTL-063-F-V2-Temp-&amp;-Light-Sensor.html\" target=\"_blank\" rel=\"noopener noreferrer\">Valmistajan tuotesivu<\/a><\/li>\n<li><a href=\"https:\/\/drive.microdata.fi\/pdf\/SimPal\/SimPal-WLD-061-F_manual.pdf\" target=\"_blank\" rel=\"noopener noreferrer\">Lataa k\u00e4sikirja \/ asennusohje<\/a><\/li>\n<\/ul>\n","protected":false},"excerpt":{"rendered":"<p>Langaton l\u00e4mp\u00f6tila \/ valosensori SimPal WS-250 tuotteeseen<\/p>\n","protected":false},"featured_media":3501,"comment_status":"open","ping_status":"closed","template":"","meta":{"om_disable_all_campaigns":false,"_monsterinsights_skip_tracking":false,"_monsterinsights_sitenote_active":false,"_monsterinsights_sitenote_note":"","_monsterinsights_sitenote_category":0,"_uf_show_specific_survey":0,"_uf_disable_surveys":false},"product_brand":[92],"product_cat":[48,15],"product_tag":[],"class_list":{"0":"post-3500","1":"product","2":"type-product","3":"status-publish","4":"has-post-thumbnail","6":"product_brand-simpal","7":"product_cat-lisaanturit","8":"product_cat-tuotteet","10":"first","11":"instock","12":"taxable","13":"shipping-taxable","14":"product-type-simple"},"aioseo_notices":[],"_links":{"self":[{"href":"https:\/\/www.simpal.fi\/index.php\/wp-json\/wp\/v2\/product\/3500","targetHints":{"allow":["GET"]}}],"collection":[{"href":"https:\/\/www.simpal.fi\/index.php\/wp-json\/wp\/v2\/product"}],"about":[{"href":"https:\/\/www.simpal.fi\/index.php\/wp-json\/wp\/v2\/types\/product"}],"replies":[{"embeddable":true,"href":"https:\/\/www.simpal.fi\/index.php\/wp-json\/wp\/v2\/comments?post=3500"}],"wp:featuredmedia":[{"embeddable":true,"href":"https:\/\/www.simpal.fi\/index.php\/wp-json\/wp\/v2\/media\/3501"}],"wp:attachment":[{"href":"https:\/\/www.simpal.fi\/index.php\/wp-json\/wp\/v2\/media?parent=3500"}],"wp:term":[{"taxonomy":"product_brand","embeddable":true,"href":"https:\/\/www.simpal.fi\/index.php\/wp-json\/wp\/v2\/product_brand?post=3500"},{"taxonomy":"product_cat","embeddable":true,"href":"https:\/\/www.simpal.fi\/index.php\/wp-json\/wp\/v2\/product_cat?post=3500"},{"taxonomy":"product_tag","embeddable":true,"href":"https:\/\/www.simpal.fi\/index.php\/wp-json\/wp\/v2\/product_tag?post=3500"}],"curies":[{"name":"wp","href":"https:\/\/api.w.org\/{rel}","templated":true}]}}