{"id":38,"date":"2020-01-19T12:43:00","date_gmt":"2020-01-19T10:43:00","guid":{"rendered":"http:\/\/192.168.200.6\/?post_type=product&#038;p=38"},"modified":"2026-05-04T15:34:43","modified_gmt":"2026-05-04T13:34:43","slug":"simpal-t2","status":"publish","type":"product","link":"https:\/\/www.simpal.fi\/index.php\/tuote\/simpal-t2\/","title":{"rendered":"SimPal-T2, GSM-l\u00e4mp\u00f6tilavahti"},"content":{"rendered":"<p><strong>SimPal-T2<\/strong> on edullinen ja helppok\u00e4ytt\u00f6inen GSM-l\u00e4mp\u00f6tilavahti kahdella l\u00e4mp\u00f6tila-anturilla (sis\u00e4inen jaulkoinen johdolla varustettu s\u00e4\u00e4nkest\u00e4v\u00e4 anturi). SimPal T2 asennetaan suoraan pistorasiaan ja se varoittaa my\u00f6s verkkovirrassa tapahtuvista virtakatkoksista. Laite soveltuu kaikentyyppisten tilojen l\u00e4mp\u00f6tilavalvontaan: kes\u00e4m\u00f6kit, asunnot, toimistot, varastot, autotallit jne. Laitteen m\u00e4\u00e4ritykset tehd\u00e4\u00e4n helpoilla SMS-viesteill\u00e4 tai helppok\u00e4ytt\u00f6isell\u00e4 mobiili-appsilla (Android\/iOS).<\/p>\n<p>Tuotepakkauksen sis\u00e4lt\u00f6: SimPal T2 keskusyksikk\u00f6, ulkoinen l\u00e4mp\u00f6tila-anturi, k\u00e4sikirja (english) ja suomenkielinen asennusohje.<\/p>\n<p>Tuotepakkauksen mukana toimitetaan Elisa Laitenetti SIM-kortti, jonka asiakas saa halutessaan helposti aktivoitua. Edullinen SIM-kortti on testattu SimPal T2 tuotteen kanssa toimivaksi eik\u00e4 my\u00f6sk\u00e4\u00e4n vanhene prepaid-liittymien tavoin. SIM-kortin pinkoodikysely on poistettu, joten sen k\u00e4ytt\u00f6\u00f6notto on mahdollisimman simppeli.<\/p>\n<p><strong>Toiminnot:<\/strong><\/p>\n<ul>\n<li>L\u00e4mp\u00f6tilan tarkistus SMS-tekstiviestill\u00e4<\/li>\n<li>L\u00e4mp\u00f6tilah\u00e4lytys:<br \/>\n&#8211; K\u00e4ytt\u00e4j\u00e4 voi m\u00e4\u00e4ritell\u00e4 raja-arvot, jotka ylittyess\u00e4 tai palautuessa laite l\u00e4hett\u00e4\u00e4 SMS-tekstiviestin&#8217;<\/li>\n<li>H\u00e4lytys nopeasta l\u00e4mp\u00f6tilamuutoksesta:<br \/>\n&#8211; Tulipalo<br \/>\n&#8211; L\u00e4mmityksen katkeaminen<br \/>\n&#8211; Oven auki j\u00e4\u00e4minen \/ ikkunan rikkoutuminen<\/li>\n<li>Ulkoinen s\u00e4\u00e4nkest\u00e4v\u00e4 l\u00e4mp\u00f6tila-anturi korkeisiin ja mataliin l\u00e4mp\u00f6tiloihin<\/li>\n<li>Verkkovirran katkeamisesta ja palautumisesta SMS-tekstiviesti<\/li>\n<\/ul>\n<p><strong>Tekniset tiedot:<\/strong><\/p>\n<ul>\n<li>Sis\u00e4\u00e4nrakennetun l\u00e4mp\u00f6tila-anturin mittausalue: -10&#8230;+50C<\/li>\n<li>Ulkoisen l\u00e4mp\u00f6tila-anturin mittausalue: -30&#8230;+100C<\/li>\n<li>Ulkoinen l\u00e4mp\u00f6tila-anturi: DS18B20<\/li>\n<li>GSM-taajuusalueet: 850\/900\/1800\/1900Mhz<\/li>\n<li>SIM-korttipaikka (normaalikokoinen)<\/li>\n<li>Merkki-LED: Power (sininen) ja GSM (vihre\u00e4)<\/li>\n<li>Pistoke tyyppi: Shuko, EU<\/li>\n<li>K\u00e4ytt\u00f6j\u00e4nnitealue: 110-230VAC<\/li>\n<li>K\u00e4ytt\u00f6l\u00e4mp\u00f6tila-alue: -10&#8230;+50C<\/li>\n<li>Mitat: 111 x 57 x 70mm<\/li>\n<li>S\u00e4hk\u00f6numero: 28 178 03<\/li>\n<li>CE-hyv\u00e4ksytty<\/li>\n<\/ul>\n<p><strong>List\u00e4tietolinkit:<\/strong><\/p>\n<ul>\n<li><a href=\"https:\/\/www.simpal.cn\/products\/19-GSM-Temperature-Monitor.html\" target=\"_blank\" rel=\"noopener noreferrer\">Valmistajan tuotesivu<\/a><\/li>\n<li><a href=\"https:\/\/drive.microdata.fi\/pdf\/SimPal\/SimPal-T2.pdf\" target=\"_blank\" rel=\"noopener noreferrer\">Tuote-esite<\/a><\/li>\n<li><a href=\"https:\/\/drive.microdata.fi\/pdf\/SimPal\/SimPal-T2_User_Manual.pdf\" target=\"_blank\" rel=\"noopener noreferrer\">K\u00e4sikirja (english)<\/a><\/li>\n<li><a href=\"https:\/\/drive.microdata.fi\/pdf\/SimPal\/SimPal-T2_asennusohje.pdf\" target=\"_blank\" rel=\"noopener noreferrer\">Pika-asennusopas<\/a><\/li>\n<li><a href=\"https:\/\/drive.microdata.fi\/pdf\/SimPal\/SimPal-T2_installationsinstruktioner.pdf\">Installations instruktioner<\/a><\/li>\n<li><a href=\"https:\/\/drive.microdata.fi\/Images\/hires\/SimPal\/SimPal-T2.png\" target=\"_blank\" rel=\"noopener noreferrer\">Tuotekuva (hires)<\/a><\/li>\n<li><a href=\"https:\/\/drive.microdata.fi\/Images\/hires\/SimPal\/SimPal-T2_sensor.png\" target=\"_blank\" rel=\"noopener noreferrer\">Tuotekuva \/ Mitat<\/a><\/li>\n<li><a href=\"https:\/\/www.sahkonumerot.fi\/2817803\" target=\"_blank\" rel=\"noopener noreferrer\">S\u00e4hk\u00f6numero<\/a><\/li>\n<li><a href=\"https:\/\/drive.microdata.fi\/pdf\/SimPal\/SimPal-T2_CE_certificate.pdf\" target=\"_blank\" rel=\"noopener noreferrer\">CE-hyv\u00e4ksynt\u00e4<\/a><\/li>\n<li><a href=\"https:\/\/mailchi.mp\/microdata\/simpal-t2-gsm-lampotilavahti\" target=\"_blank\" rel=\"noopener noreferrer\">Tiedote<\/a><\/li>\n<\/ul>\n","protected":false},"excerpt":{"rendered":"<p><strong>SimPal-T2<\/strong> on edullinen ja helppok\u00e4ytt\u00f6inen GSM-l\u00e4mp\u00f6tilavahti kahdella l\u00e4mp\u00f6tila-anturilla.<\/p>\n","protected":false},"featured_media":39,"comment_status":"open","ping_status":"closed","template":"","meta":{"om_disable_all_campaigns":false,"_monsterinsights_skip_tracking":false,"_monsterinsights_sitenote_active":false,"_monsterinsights_sitenote_note":"","_monsterinsights_sitenote_category":0,"_uf_show_specific_survey":0,"_uf_disable_surveys":false},"product_brand":[92],"product_cat":[18,35,15],"product_tag":[58,72,51],"class_list":{"0":"post-38","1":"product","2":"type-product","3":"status-publish","4":"has-post-thumbnail","6":"product_brand-simpal","7":"product_cat-gsm-lampotila-vahdit","8":"product_cat-slider","9":"product_cat-tuotteet","10":"product_tag-gsm-lampotilavahti","11":"product_tag-simpal-t2","12":"product_tag-tuta","14":"first","15":"instock","16":"taxable","17":"shipping-taxable","18":"product-type-simple"},"aioseo_notices":[],"_links":{"self":[{"href":"https:\/\/www.simpal.fi\/index.php\/wp-json\/wp\/v2\/product\/38","targetHints":{"allow":["GET"]}}],"collection":[{"href":"https:\/\/www.simpal.fi\/index.php\/wp-json\/wp\/v2\/product"}],"about":[{"href":"https:\/\/www.simpal.fi\/index.php\/wp-json\/wp\/v2\/types\/product"}],"replies":[{"embeddable":true,"href":"https:\/\/www.simpal.fi\/index.php\/wp-json\/wp\/v2\/comments?post=38"}],"wp:featuredmedia":[{"embeddable":true,"href":"https:\/\/www.simpal.fi\/index.php\/wp-json\/wp\/v2\/media\/39"}],"wp:attachment":[{"href":"https:\/\/www.simpal.fi\/index.php\/wp-json\/wp\/v2\/media?parent=38"}],"wp:term":[{"taxonomy":"product_brand","embeddable":true,"href":"https:\/\/www.simpal.fi\/index.php\/wp-json\/wp\/v2\/product_brand?post=38"},{"taxonomy":"product_cat","embeddable":true,"href":"https:\/\/www.simpal.fi\/index.php\/wp-json\/wp\/v2\/product_cat?post=38"},{"taxonomy":"product_tag","embeddable":true,"href":"https:\/\/www.simpal.fi\/index.php\/wp-json\/wp\/v2\/product_tag?post=38"}],"curies":[{"name":"wp","href":"https:\/\/api.w.org\/{rel}","templated":true}]}}