{"id":42,"date":"2020-01-19T12:49:51","date_gmt":"2020-01-19T10:49:51","guid":{"rendered":"http:\/\/192.168.200.6\/?post_type=product&#038;p=42"},"modified":"2026-05-04T15:34:43","modified_gmt":"2026-05-04T13:34:43","slug":"simpal-d210","status":"publish","type":"product","link":"https:\/\/www.simpal.fi\/index.php\/tuote\/simpal-d210\/","title":{"rendered":"SimPal-D210, GSM-ohjausrele (DIN)"},"content":{"rendered":"<p><strong>SimPal-D210<\/strong> on s\u00e4hk\u00f6kaappiin asennettava ohjausrele, joka on suunniteltu yhden s\u00e4hk\u00f6vaiheen p\u00e4\u00e4lle- ja poiskytkemiseen. Laitteen ohjaama verkkovirta (AC tai DC) saadaan kytketty\u00e4 matkapuhelimesta SMS-tekstiviestill\u00e4 tai puhelinsoitolla. SimPal D210 keskusyksikk\u00f6\u00f6n saadaan ohjelmoitua 5x puhelinnumeroa (1x p\u00e4\u00e4k\u00e4ytt\u00e4j\u00e4 + 4x tavallista k\u00e4ytt\u00e4j\u00e4\u00e4). Tuotepakkauksessa toimitetaan ulkoinen l\u00e4mp\u00f6tila-anturi, jolloin verkkovirtaa voidaan ohjata automaattisesti my\u00f6s l\u00e4mp\u00f6tilan mukaan.<\/p>\n<p>SimPal-D210 toimii kaikkien operaattorien SIM-korttien kanssa, eik\u00e4 vaadi toimiakseen erillist\u00e4 datasopimusta &#8211; 2G puhe- ja tekstiviestipalvelut riitt\u00e4v\u00e4t.<\/p>\n<p>Tuotepakkauksen mukana toimitetaan Elisa Laitenetti SIM-kortti, jonka asiakas saa halutessaan helposti aktivoitua. Edullinen SIM-kortti on testattu SimPal D210 tuotteen kanssa toimivaksi eik\u00e4 my\u00f6sk\u00e4\u00e4n vanhene prepaid-liittymien tavoin. SIM-kortin pinkoodikysely on poistettu, joten sen k\u00e4ytt\u00f6\u00f6notto on mahdollisimman simppeli.<\/p>\n<p><strong>Et\u00e4ohjauksen k\u00e4ytt\u00f6kohteita:<\/strong><\/p>\n<ul>\n<li>LVIS \/ kiinteist\u00f6automaatio:<br \/>\n&#8211; l\u00e4mp\u00f6patterit<br \/>\n&#8211; ilmastointi<br \/>\n&#8211; ilmal\u00e4mp\u00f6pumppu<br \/>\n&#8211; valaistus<\/li>\n<li>IT-laitteiden uudelleenk\u00e4ynnistys &#8221;reboot&#8221;<\/li>\n<li>Ajoneuvon l\u00e4mmitys<\/li>\n<li>Varash\u00e4lytin<\/li>\n<li>jne&#8230;<\/li>\n<\/ul>\n<p><strong>Tekniset tiedot:<\/strong><\/p>\n<ul>\n<li>K\u00e4ytt\u00f6j\u00e4nnite: 100-230VAC<\/li>\n<li>2x ohjattavaa l\u00e4ht\u00f6\u00e4: 1x 230VAC + 1x 12VDC<\/li>\n<li>Jatkuva kytkent\u00e4teho \/ l\u00e4ht\u00f6: 16A @ 230VAC (3500W)<\/li>\n<li>DI: 2x NC\/NO<\/li>\n<li>3.5mm plugiliit\u00e4nt\u00e4 DS18B20 l\u00e4mp\u00f6tila-anturille<\/li>\n<li>GSM-taajuudet: 900\/1800MHz<\/li>\n<li>SIM-korttipaikka (normaali kokoinen)<\/li>\n<li>GSM-antenni SMA-liittimell\u00e4<\/li>\n<li>Merkki-LEDit<\/li>\n<li>K\u00e4ytt\u00f6l\u00e4mp\u00f6tila-alue: -10&#8230;+50C<\/li>\n<li>Kiinnitys: DIN-kisko (EN50022), 3 moduulia leve\u00e4<\/li>\n<li>S\u00e4hk\u00f6numero: 28 178 01<\/li>\n<li>Hyv\u00e4ksynn\u00e4t: CE, RoHS<\/li>\n<\/ul>\n<p><strong>Lis\u00e4tietolinkit:<\/strong><\/p>\n<ul>\n<li><a href=\"https:\/\/www.simpal.cn\/products\/17-DIN-Rail-GSM-Control.html\" target=\"_blank\" rel=\"noopener noreferrer\">Valmistajan tuotesivu<\/a><\/li>\n<li><a href=\"https:\/\/drive.microdata.fi\/pdf\/SimPal\/SimPal-D210_datasheet.pdf\" target=\"_blank\" rel=\"noopener noreferrer\">Tuote-esite<\/a><\/li>\n<li><a href=\"https:\/\/drive.microdata.fi\/pdf\/SimPal\/SimPal-D210_manual.pdf\" target=\"_blank\" rel=\"noopener noreferrer\">K\u00e4sikirja \/ asennusohje<\/a><\/li>\n<li><a href=\"https:\/\/drive.microdata.fi\/Images\/hires\/SimPal\/SimPal-D210.jpg\" target=\"_blank\" rel=\"noopener\">Tuotekuva (hires)<\/a><\/li>\n<li><a href=\"https:\/\/www.sahkonumerot.fi\/2817801\">S\u00e4hk\u00f6numero<\/a><\/li>\n<li><a href=\"https:\/\/drive.microdata.fi\/pdf\/SimPal\/SimPal-D210_CE-Certification.pdf\" target=\"_blank\" rel=\"noopener noreferrer\">CE-hyv\u00e4ksynt\u00e4<\/a><\/li>\n<\/ul>\n","protected":false},"excerpt":{"rendered":"<p><strong>SimPal D210<\/strong> on s\u00e4hk\u00f6keskuksen DIN-kiskoon asennettava GSM-tekniikalla toimiva ohjausrele.<\/p>\n","protected":false},"featured_media":1414,"comment_status":"open","ping_status":"closed","template":"","meta":{"om_disable_all_campaigns":false,"_monsterinsights_skip_tracking":false,"_monsterinsights_sitenote_active":false,"_monsterinsights_sitenote_note":"","_monsterinsights_sitenote_category":0,"_uf_show_specific_survey":0,"_uf_disable_surveys":false},"product_brand":[92],"product_cat":[21,35,15],"product_tag":[70,69,51],"class_list":{"0":"post-42","1":"product","2":"type-product","3":"status-publish","4":"has-post-thumbnail","6":"product_brand-simpal","7":"product_cat-gsm-ohjausreleet","8":"product_cat-slider","9":"product_cat-tuotteet","10":"product_tag-gsm-ohjausrele","11":"product_tag-simpal-d210","12":"product_tag-tuta","14":"first","15":"instock","16":"taxable","17":"shipping-taxable","18":"product-type-simple"},"aioseo_notices":[],"_links":{"self":[{"href":"https:\/\/www.simpal.fi\/index.php\/wp-json\/wp\/v2\/product\/42","targetHints":{"allow":["GET"]}}],"collection":[{"href":"https:\/\/www.simpal.fi\/index.php\/wp-json\/wp\/v2\/product"}],"about":[{"href":"https:\/\/www.simpal.fi\/index.php\/wp-json\/wp\/v2\/types\/product"}],"replies":[{"embeddable":true,"href":"https:\/\/www.simpal.fi\/index.php\/wp-json\/wp\/v2\/comments?post=42"}],"wp:featuredmedia":[{"embeddable":true,"href":"https:\/\/www.simpal.fi\/index.php\/wp-json\/wp\/v2\/media\/1414"}],"wp:attachment":[{"href":"https:\/\/www.simpal.fi\/index.php\/wp-json\/wp\/v2\/media?parent=42"}],"wp:term":[{"taxonomy":"product_brand","embeddable":true,"href":"https:\/\/www.simpal.fi\/index.php\/wp-json\/wp\/v2\/product_brand?post=42"},{"taxonomy":"product_cat","embeddable":true,"href":"https:\/\/www.simpal.fi\/index.php\/wp-json\/wp\/v2\/product_cat?post=42"},{"taxonomy":"product_tag","embeddable":true,"href":"https:\/\/www.simpal.fi\/index.php\/wp-json\/wp\/v2\/product_tag?post=42"}],"curies":[{"name":"wp","href":"https:\/\/api.w.org\/{rel}","templated":true}]}}