{"id":4439,"date":"2024-11-01T10:43:24","date_gmt":"2024-11-01T08:43:24","guid":{"rendered":"https:\/\/www.simpal.fi\/?post_type=product&#038;p=4439"},"modified":"2025-09-04T08:08:02","modified_gmt":"2025-09-04T06:08:02","slug":"simpal-s20","status":"publish","type":"product","link":"https:\/\/www.simpal.fi\/index.php\/tuote\/simpal-s20\/","title":{"rendered":"SimPal-S20, et\u00e4ohjattava pistorasia Power Meter (slave)"},"content":{"rendered":"<p><strong>SimPal-S20<\/strong> on langattomasti et\u00e4ohjattava orjapistorasia virrankulutusmittauksella, jota voidaan ohjata SimPal T40-V2, WS250 tai G212-V2 GSM-keskusyksik\u00f6ill\u00e4.. SimPal T40-V2 tukee\u00a0 nelj\u00e4\u00e4 (4x) siihen liitetty\u00e4 SimPal S20 pistorasiaa ja ne voivat olla max 30m et\u00e4isyydell\u00e4 keskusyksik\u00f6st\u00e4. Pistorasia on suunniteltu s\u00e4hk\u00f6laitteiden k\u00e4ynnist\u00e4miseen ja poiskytkemiseen tukien 16A virransy\u00f6tt\u00f6\u00e4.<\/p>\n<p>Tuotepakkauksen mukana toimitetaan l\u00e4mp\u00f6tila-anturi, joten laite soveltuu monipuolisesti erilaisiin automaattisiin l\u00e4mmitysten ohjauksiin niin kotona, autotallissa, veneess\u00e4 kuin kes\u00e4m\u00f6keill\u00e4. L\u00e4mp\u00f6tilatieto saadaan v\u00e4litetty\u00e4 my\u00f6s SMS-tekstiviestill\u00e4 suoraan GSM-matkapuhelimeen.<\/p>\n<p>SimPal S20 et\u00e4pistorasia on turvallinen. Laite noudattaa kaikkia CE-hyv\u00e4ksynn\u00e4n vaatimia turvallisuusm\u00e4\u00e4r\u00e4yksi\u00e4 ja sen kuoret on valmistettu palamattomasta muovimateriasta.<\/p>\n<p>Tuotepakkauksessa toimitetaan keskusyksikk\u00f6, ulkoinen l\u00e4mp\u00f6tila-anturi ja englanninkielinen k\u00e4sikija.<\/p>\n<p><strong>SimPal-S20 k\u00e4ytt\u00f6kohteita (SimPal-T40-V2 laitteen avulla):<\/strong><\/p>\n<ul>\n<li>L\u00e4mmityksen et\u00e4k\u00e4ynnistys<\/li>\n<li>Ilmastoinnin et\u00e4k\u00e4ynnistys<\/li>\n<li>IT-laitteen uudelleenk\u00e4ynnistys &#8221;reboot&#8221;<\/li>\n<li>Kodinkoneen et\u00e4k\u00e4ynnistys<\/li>\n<li>Auton l\u00e4mmityksen et\u00e4k\u00e4ynnistys<\/li>\n<li>Nurmikon kastelulaitteiden et\u00e4k\u00e4ynnistys<\/li>\n<li>Valaistuksen et\u00e4k\u00e4ynnistys<\/li>\n<li>H\u00e4lyttimen et\u00e4k\u00e4ynnistys<\/li>\n<li>Automaatiolaitteen et\u00e4k\u00e4ynnistys<\/li>\n<li>jne&#8230;<\/li>\n<\/ul>\n<p><strong>Tekniset tiedot:<\/strong><\/p>\n<ul>\n<li>Sis\u00e4\u00e4ntulovirta: 110-230VAC \/ 50Hz<\/li>\n<li>Jatkuva kytkent\u00e4teho: 16A @ 230VAC (3500W)<\/li>\n<li>Hetkellinen kytkent\u00e4teho: 30A @ 230VAC (30 sek.)<\/li>\n<li>Virrankulutuksen mittaus<\/li>\n<li>Maadoitettu Shuko CEE 7\/7, CEE 7\/4 EU-pistorasia<\/li>\n<li>Langaton tiedonsiirto: 433MHz FSK<\/li>\n<li>L\u00e4mp\u00f6tila-anturi: -10&#8230;+50C (3.5mm stereoplugi)<\/li>\n<li>K\u00e4ytt\u00f6l\u00e4mp\u00f6tila-alue: -10&#8230;+50C<\/li>\n<li>Suhteellinen kosteus: 10-90% (ilman kondensiota)<\/li>\n<li>Merkki-LEDit: Verkko, Kytkent\u00e4rele<\/li>\n<li>Mitat: 125x60x80mm<\/li>\n<li>EAN-viivakoodi: 6948967990474<\/li>\n<li>S\u00e4hk\u00f6numero: 2817806<\/li>\n<li>CE-hyv\u00e4ksytty<\/li>\n<\/ul>\n<p><strong>Lis\u00e4tietolinkit:<\/strong><\/p>\n<ul>\n<li><a href=\"https:\/\/drive.microdata.fi\/pdf\/SimPal\/SimPal-S20_datasheet.pdf\" target=\"_blank\" rel=\"noopener noreferrer\">Tuote-esite<\/a><\/li>\n<li><a href=\"https:\/\/drive.microdata.fi\/pdf\/SimPal\/SimPal-S20_manual.pdf\" target=\"_blank\" rel=\"noopener noreferrer\">Lataa k\u00e4sikirja \/ asennusohje<\/a><\/li>\n<li><a href=\"https:\/\/drive.microdata.fi\/pdf\/SimPal\/SimPal-T20_asennusohje.pdf\" target=\"_blank\" rel=\"noopener noreferrer\">Pika-asennusopas (QIC)<\/a><\/li>\n<li><a href=\"https:\/\/www.sahkonumerot.fi\/2817806\" target=\"_blank\" rel=\"noopener noreferrer\">S\u00e4hk\u00f6numero<\/a><\/li>\n<li><a href=\"https:\/\/play.google.com\/store\/apps\/details?id=com.simpal.gsmsocket.v3\">Android appi<\/a><\/li>\n<li><a href=\"http:\/\/drive.microdata.fi\/pdf\/SimPal\/SimPal-T20_CE-Certification.pdf\" target=\"_blank\" rel=\"noopener noreferrer\">CE-hyv\u00e4ksynt\u00e4<\/a><\/li>\n<li><a href=\"https:\/\/mailchi.mp\/microdata\/simpal-t40-t20-gsm-pistorasia\" target=\"_blank\" rel=\"noopener noreferrer\">Tiedote<\/a><\/li>\n<\/ul>\n","protected":false},"excerpt":{"rendered":"<p>SimPal-S20 on langattomasti et\u00e4ohjattava orjapistorasia virrankulutusmittauksella, jota voidaan ohjata SimPal T40-V2, WS250 tai G212-V2 GSM-keskusyksik\u00f6ill\u00e4.. SimPal T40-V2 tukee\u00a0 nelj\u00e4\u00e4 (4x) siihen liitetty\u00e4 SimPal S20 pistorasiaa ja ne voivat olla max 30m et\u00e4isyydell\u00e4 keskusyksik\u00f6st\u00e4. Pistorasia on suunniteltu s\u00e4hk\u00f6laitteiden k\u00e4ynnist\u00e4miseen ja poiskytkemiseen tukien 16A virransy\u00f6tt\u00f6\u00e4. Tuotepakkauksen mukana toimitetaan l\u00e4mp\u00f6tila-anturi, joten laite soveltuu monipuolisesti erilaisiin automaattisiin l\u00e4mmitysten ohjauksiin [&hellip;]<\/p>\n","protected":false},"featured_media":4441,"comment_status":"open","ping_status":"closed","template":"","meta":{"om_disable_all_campaigns":false,"_monsterinsights_skip_tracking":false,"_monsterinsights_sitenote_active":false,"_monsterinsights_sitenote_note":"","_monsterinsights_sitenote_category":0,"_uf_show_specific_survey":0,"_uf_disable_surveys":false},"product_brand":[92],"product_cat":[17,15],"product_tag":[],"class_list":{"0":"post-4439","1":"product","2":"type-product","3":"status-publish","4":"has-post-thumbnail","6":"product_brand-simpal","7":"product_cat-pistorasiat","8":"product_cat-tuotteet","10":"first","11":"instock","12":"taxable","13":"shipping-taxable","14":"product-type-simple"},"aioseo_notices":[],"_links":{"self":[{"href":"https:\/\/www.simpal.fi\/index.php\/wp-json\/wp\/v2\/product\/4439","targetHints":{"allow":["GET"]}}],"collection":[{"href":"https:\/\/www.simpal.fi\/index.php\/wp-json\/wp\/v2\/product"}],"about":[{"href":"https:\/\/www.simpal.fi\/index.php\/wp-json\/wp\/v2\/types\/product"}],"replies":[{"embeddable":true,"href":"https:\/\/www.simpal.fi\/index.php\/wp-json\/wp\/v2\/comments?post=4439"}],"wp:featuredmedia":[{"embeddable":true,"href":"https:\/\/www.simpal.fi\/index.php\/wp-json\/wp\/v2\/media\/4441"}],"wp:attachment":[{"href":"https:\/\/www.simpal.fi\/index.php\/wp-json\/wp\/v2\/media?parent=4439"}],"wp:term":[{"taxonomy":"product_brand","embeddable":true,"href":"https:\/\/www.simpal.fi\/index.php\/wp-json\/wp\/v2\/product_brand?post=4439"},{"taxonomy":"product_cat","embeddable":true,"href":"https:\/\/www.simpal.fi\/index.php\/wp-json\/wp\/v2\/product_cat?post=4439"},{"taxonomy":"product_tag","embeddable":true,"href":"https:\/\/www.simpal.fi\/index.php\/wp-json\/wp\/v2\/product_tag?post=4439"}],"curies":[{"name":"wp","href":"https:\/\/api.w.org\/{rel}","templated":true}]}}