{"id":6262,"date":"2025-09-03T14:41:38","date_gmt":"2025-09-03T12:41:38","guid":{"rendered":"https:\/\/www.simpal.fi\/?post_type=product&#038;p=6262"},"modified":"2025-09-04T09:22:59","modified_gmt":"2025-09-04T07:22:59","slug":"simpal-ty150-dn20","status":"publish","type":"product","link":"https:\/\/www.simpal.fi\/index.php\/tuote\/simpal-ty150-dn20\/","title":{"rendered":"SimPal TY150-DN20, WiFi vesiventtiili, Tuya, DN20"},"content":{"rendered":"<p><strong>SimPal TY150 (DN20)<\/strong> on \u00e4lyk\u00e4s WiFi-yhteydell\u00e4 toimiva vesivuotoventtiili, joka tarjoaa tehokkaan ratkaisun vesivuotojen ehk\u00e4isyyn ja vedenhallintaan kotitalouksissa sek\u00e4 teknisiss\u00e4 tiloissa. Laite soveltuu esimerkiksi tiskikoneiden, pyykinpesukoneiden ja kahvinkeittimien vedensy\u00f6t\u00f6n ohjaukseen sek\u00e4 kodin vesikiertoisen l\u00e4mmityksen hallintaan. SimPal TY150:n et\u00e4ohjaus tapahtuu Tuya Smart Life -sovelluksella, jonka kautta voit avata ja sulkea venttiilin, ajastaa toimintoja sek\u00e4 seurata laitteen tilaa miss\u00e4 tahansa oletkin.<\/p>\n<p>Mukana toimitettava johdollinen vesivuototunnistin sulkee venttiilin automaattisesti vuodon havaitessaan, ja laitteeseen voidaan liitt\u00e4\u00e4 lis\u00e4ksi jopa viisi langatonta anturia, kuten vuototunnistimia, palovaroittimia tai liiketunnistimia.<\/p>\n<p>Tuotepakkaus sis\u00e4lt\u00e4\u00e4 vesivuotoventtiilin, ulkoisen vesivuotoanturin 2.0m kaapelilla (3.5mm stereoplugi), virtal\u00e4hteen sek\u00e4 englanninkielisen k\u00e4sikirjan.<\/p>\n<p><strong>Ominaisuudet:<\/strong><br \/>\n\u2022 Et\u00e4ohjaus Tuya Smart Life -sovelluksella (Android \/ iOS)<br \/>\n\u2022 Automaattinen sulku vesivuodon yhteydess\u00e4<br \/>\n\u2022 Tuki jopa 5 langattomalle lis\u00e4laitteelle (esim. kaukos\u00e4\u00e4din, savuilmaisin, liiketunnistin, vesivuotoanturi, ovianturi, h\u00e4lytyssireeni)<br \/>\n\u2022 Aikataulu- ja ajastustoiminnot venttiilin ohjaukseen<\/p>\n<p><strong>Tekniset tiedot:<\/strong><br \/>\n\u2022 WiFi standardit: 802.11 b\/g\/n @ 2.4GHz<br \/>\n\u2022 Langattomat lis\u00e4anturit: 434MHz<br \/>\n&#8211; Kantama: 20-30m<br \/>\n&#8211; Max 5x anturia<br \/>\n\u2022 Venttiili:<br \/>\n&#8211; Paineenkesto: 10bar \/ 145psi \/ 1MPa<br \/>\n&#8211; Kytkent\u00e4aika 3-4sek<br \/>\n\u2022 Putkiliitos: DN15, 15mm, 1\/2 kierre<br \/>\n&#8211; BSP<br \/>\n\u2022 Materiaalit: messinki, PC-muovi<br \/>\n\u2022 Merkkivalot: Power ja WiFi<br \/>\n\u2022 K\u00e4ytt\u00f6j\u00e4nnite: 12VDC @ 1A<br \/>\n&#8211; Virrankulutus: 50-60mA (standby), &lt;5W (max)<br \/>\n\u2022 Suojausluokka: IP44<br \/>\n\u2022 Mitat:<br \/>\n&#8211; Ohjausyksikk\u00f6: 67 x 58 x 55mm<br \/>\n&#8211; Runkoliitin: n. 56 x 31 x 31mm<br \/>\n&#8211; Kokonaisuutena: n. 160 x 130 x 100mm<br \/>\n\u2022 Paino 365g<br \/>\n\u2022 S\u00e4hkonumero: 7114803<br \/>\n\u2022 NSF61 sertifioitu (juomavesik\u00e4ytt\u00f6\u00f6n)<br \/>\n\u2022 CE-hyv\u00e4ksytty<\/p>\n<p><strong>Lis\u00e4tietolinkit:<\/strong><\/p>\n<ul>\n<li><a href=\"https:\/\/drive.microdata.fi\/pdf\/SimPal\/SimPal-TY150_datasheet.pdf\" target=\"_blank\" rel=\"noopener noreferrer\">Tuote-esite<\/a><\/li>\n<li><a href=\"https:\/\/drive.microdata.fi\/pdf\/SimPal\/SimPal-TY150_manual.pdf\" target=\"_blank\" rel=\"noopener noreferrer\">K\u00e4sikirja (english)<\/a><\/li>\n<li><a href=\"https:\/\/www.sahkonumerot.fi\/7114803\">S\u00e4hk\u00f6numero<\/a><\/li>\n<\/ul>\n","protected":false},"excerpt":{"rendered":"<p><strong>SimPal TY150 (DN20)<\/strong> on \u00e4lyk\u00e4s WiFi-yhteydell\u00e4 toimiva vesivuotoventtiili, joka tarjoaa tehokkaan ratkaisun vesivuotojen ehk\u00e4isyyn ja vedenhallintaan kotitalouksissa sek\u00e4 teknisiss\u00e4 tiloissa.<\/p>\n","protected":false},"featured_media":6258,"comment_status":"open","ping_status":"closed","template":"","meta":{"om_disable_all_campaigns":false,"_monsterinsights_skip_tracking":false,"_monsterinsights_sitenote_active":false,"_monsterinsights_sitenote_note":"","_monsterinsights_sitenote_category":0,"_uf_show_specific_survey":0,"_uf_disable_surveys":false},"product_brand":[92],"product_cat":[35,15,99],"product_tag":[103,84,102,101,55],"class_list":{"0":"post-6262","1":"product","2":"type-product","3":"status-publish","4":"has-post-thumbnail","6":"product_brand-simpal","7":"product_cat-slider","8":"product_cat-tuotteet","9":"product_cat-vesiventtiilit","10":"product_tag-smartlife","11":"product_tag-tuya","12":"product_tag-vesiventtiili","13":"product_tag-vesivuotoanturi","14":"product_tag-wifi","16":"first","17":"instock","18":"taxable","19":"shipping-taxable","20":"product-type-simple"},"aioseo_notices":[],"_links":{"self":[{"href":"https:\/\/www.simpal.fi\/index.php\/wp-json\/wp\/v2\/product\/6262","targetHints":{"allow":["GET"]}}],"collection":[{"href":"https:\/\/www.simpal.fi\/index.php\/wp-json\/wp\/v2\/product"}],"about":[{"href":"https:\/\/www.simpal.fi\/index.php\/wp-json\/wp\/v2\/types\/product"}],"replies":[{"embeddable":true,"href":"https:\/\/www.simpal.fi\/index.php\/wp-json\/wp\/v2\/comments?post=6262"}],"wp:featuredmedia":[{"embeddable":true,"href":"https:\/\/www.simpal.fi\/index.php\/wp-json\/wp\/v2\/media\/6258"}],"wp:attachment":[{"href":"https:\/\/www.simpal.fi\/index.php\/wp-json\/wp\/v2\/media?parent=6262"}],"wp:term":[{"taxonomy":"product_brand","embeddable":true,"href":"https:\/\/www.simpal.fi\/index.php\/wp-json\/wp\/v2\/product_brand?post=6262"},{"taxonomy":"product_cat","embeddable":true,"href":"https:\/\/www.simpal.fi\/index.php\/wp-json\/wp\/v2\/product_cat?post=6262"},{"taxonomy":"product_tag","embeddable":true,"href":"https:\/\/www.simpal.fi\/index.php\/wp-json\/wp\/v2\/product_tag?post=6262"}],"curies":[{"name":"wp","href":"https:\/\/api.w.org\/{rel}","templated":true}]}}