{"id":6265,"date":"2025-09-04T07:48:01","date_gmt":"2025-09-04T05:48:01","guid":{"rendered":"https:\/\/www.simpal.fi\/?post_type=product&#038;p=6265"},"modified":"2025-09-10T08:21:39","modified_gmt":"2025-09-10T06:21:39","slug":"simpal-v640-dn15","status":"publish","type":"product","link":"https:\/\/www.simpal.fi\/index.php\/tuote\/simpal-v640-dn15\/","title":{"rendered":"SimPal V640-DN15, 4G vesiventtiili, DN15"},"content":{"rendered":"<p><strong>SimPal V640 (DN15)<\/strong> on \u00e4lyk\u00e4s 4G LTE -yhteydell\u00e4 toimiva vesiventtiili, joka tarjoaa tehokkaan ratkaisun vesivuotojen ehk\u00e4isyyn ja vedenhallintaan kotitalouksissa sek\u00e4 teknisiss\u00e4 tiloissa. Laite soveltuu esimerkiksi tiskikoneiden, pyykinpesukoneiden ja kahvinkeittimien vedensy\u00f6t\u00f6n ohjaukseen sek\u00e4 kodin vesikiertoisen l\u00e4mmityksen hallintaan.<\/p>\n<p>\u00c4lyk\u00e4st\u00e4 SimPal V640 vesiventtiili\u00e4 voidaan ohjata et\u00e4n\u00e4 SimPal -sovelluksella, tekstiviestill\u00e4 tai puhelinsoitolla. Voit avata ja sulkea venttiilin, ajastaa toimintoja sek\u00e4 seurata laitteen tilaa miss\u00e4 tahansa oletkin. Mukana toimitettava johdollinen vesivuototunnistin havaitsee mahdollisen vuodon, sulkee venttiilin automaattisesti ja l\u00e4hett\u00e4\u00e4 h\u00e4lytyksen puhelimeesi. Laitteeseen voidaan liitt\u00e4\u00e4 lis\u00e4ksi 4x SimPal V10 lis\u00e4vesiventtiili\u00e4 sek\u00e4 5x langatonta anturia, kuten vuototunnistimia, palovaroittimia, liiketunnistimia tai valosireeni.<\/p>\n<p>Tuotepakkaus sis\u00e4lt\u00e4\u00e4 vesivuotoventtiilin, ulkoisen vesivuotoanturin 2m kaapelilla (3.5mm stereoplugi), virtal\u00e4hteen sek\u00e4 englanninkielisen k\u00e4sikirjan.<\/p>\n<p><strong>Ominaisuudet:<\/strong><br \/>\n\u2022 Et\u00e4ohjaus SimPal -sovelluksella (Android \/ iOS) tai puhelimitse (SMS \/ soitto)<br \/>\n\u2022 Automaattinen sulku vesivuodon yhteydess\u00e4<br \/>\n\u2022 Tuki jopa 5 langattomalle lis\u00e4laitteelle (esim. kaukos\u00e4\u00e4din, savuilmaisin, liiketunnistin, vesivuotoanturi, ovianturi, h\u00e4lytyssireeni)<br \/>\n\u2022 Aikataulu- ja ajastustoiminnot venttiilin ohjaukseen<\/p>\n<p><strong>Tekniset tiedot:<\/strong><br \/>\n\u2022 Mobiiliyhteys: 4G LTE Cat1 (LTE FDD B1\/B3\/B5\/B7\/B8\/B20; LTE TDD B40), 2G-tuki<br \/>\n\u2022 SIM-slot: Mini-SIM<br \/>\n\u2022 Langattomat lis\u00e4anturit: 434MHz<br \/>\n&#8211; Kantama: 20-30m<br \/>\n&#8211; Max 5x anturia<br \/>\n\u2022 Venttiili:<br \/>\n&#8211; Paineenkesto: 10bar \/ 145psi \/ 1MPa<br \/>\n&#8211; Kytkent\u00e4aika: 3-4sek<br \/>\n\u2022 Putkiliitos: DN15, 15mm, 1\/2&#8243; kierre<br \/>\n&#8211; BSP<br \/>\n\u2022 Merkkivalot: Power ja LTE<br \/>\n\u2022 K\u00e4ytt\u00f6j\u00e4nnite: 12\u00a0VDC @ 1A<br \/>\n&#8211; Virrankulutus: 50-60mA (standby), &lt;5W (max)<br \/>\n\u2022 Varavirta:<br \/>\n&#8211; Sis\u00e4\u00e4nrakennettu kondensaattori 2.5F, ilmoitus<br \/>\nvirtakatkosta<br \/>\n&#8211; USB-C -liit\u00e4nt\u00e4 ulkoiselle vara-akulle<br \/>\n\u2022 Suojausluokka: IP44<br \/>\n\u2022 Hyv\u00e4ksynn\u00e4t: NFS61-sertifioitu (juomavesik\u00e4ytt\u00f6\u00f6n)<br \/>\n\u2022 Mitat:<br \/>\n&#8211; Ohjausyksikk\u00f6: 67 x 58 x 55mm<br \/>\n&#8211; Runkoliitin: 56 x 31 x 31mm<br \/>\n&#8211; Kokonaisuutena: 160 x 130 x 100mm<br \/>\n\u2022 Paino: 366g<br \/>\n\u2022 S\u00e4hk\u00f6numero: 7114804<br \/>\n\u2022 CE-hyv\u00e4ksytty<\/p>\n<p><strong>Lis\u00e4tietolinkit:<\/strong><\/p>\n<ul>\n<li><a href=\"https:\/\/drive.microdata.fi\/pdf\/SimPal\/SimPal-V640_datasheet.pdf\" target=\"_blank\" rel=\"noopener noreferrer\">Tuote-esite<\/a><\/li>\n<li><a href=\"https:\/\/drive.microdata.fi\/pdf\/SimPal\/SimPal-V640_manual.pdf\" target=\"_blank\" rel=\"noopener noreferrer\">K\u00e4sikirja (english)<\/a><\/li>\n<li><a href=\"https:\/\/www.sahkonumerot.fi\/7114804\">S\u00e4hk\u00f6numero<\/a><\/li>\n<\/ul>\n","protected":false},"excerpt":{"rendered":"<p><strong>SimPal V640 (DN15)<\/strong> on \u00e4lyk\u00e4s 4G LTE -yhteydell\u00e4 toimiva vesiventtiili, joka tarjoaa tehokkaan ratkaisun vesivuotojen ehk\u00e4isyyn ja vedenhallintaan kotitalouksissa sek\u00e4 teknisiss\u00e4 tiloissa.<\/p>\n","protected":false},"featured_media":6261,"comment_status":"open","ping_status":"closed","template":"","meta":{"om_disable_all_campaigns":false,"_monsterinsights_skip_tracking":false,"_monsterinsights_sitenote_active":false,"_monsterinsights_sitenote_note":"","_monsterinsights_sitenote_category":0,"_uf_show_specific_survey":0,"_uf_disable_surveys":false},"product_brand":[92],"product_cat":[35,15,99],"product_tag":[105,104,103,84,102,101],"class_list":{"0":"post-6265","1":"product","2":"type-product","3":"status-publish","4":"has-post-thumbnail","6":"product_brand-simpal","7":"product_cat-slider","8":"product_cat-tuotteet","9":"product_cat-vesiventtiilit","10":"product_tag-4g","11":"product_tag-lte","12":"product_tag-smartlife","13":"product_tag-tuya","14":"product_tag-vesiventtiili","15":"product_tag-vesivuotoanturi","17":"first","18":"instock","19":"taxable","20":"shipping-taxable","21":"product-type-simple"},"aioseo_notices":[],"_links":{"self":[{"href":"https:\/\/www.simpal.fi\/index.php\/wp-json\/wp\/v2\/product\/6265","targetHints":{"allow":["GET"]}}],"collection":[{"href":"https:\/\/www.simpal.fi\/index.php\/wp-json\/wp\/v2\/product"}],"about":[{"href":"https:\/\/www.simpal.fi\/index.php\/wp-json\/wp\/v2\/types\/product"}],"replies":[{"embeddable":true,"href":"https:\/\/www.simpal.fi\/index.php\/wp-json\/wp\/v2\/comments?post=6265"}],"wp:featuredmedia":[{"embeddable":true,"href":"https:\/\/www.simpal.fi\/index.php\/wp-json\/wp\/v2\/media\/6261"}],"wp:attachment":[{"href":"https:\/\/www.simpal.fi\/index.php\/wp-json\/wp\/v2\/media?parent=6265"}],"wp:term":[{"taxonomy":"product_brand","embeddable":true,"href":"https:\/\/www.simpal.fi\/index.php\/wp-json\/wp\/v2\/product_brand?post=6265"},{"taxonomy":"product_cat","embeddable":true,"href":"https:\/\/www.simpal.fi\/index.php\/wp-json\/wp\/v2\/product_cat?post=6265"},{"taxonomy":"product_tag","embeddable":true,"href":"https:\/\/www.simpal.fi\/index.php\/wp-json\/wp\/v2\/product_tag?post=6265"}],"curies":[{"name":"wp","href":"https:\/\/api.w.org\/{rel}","templated":true}]}}