{"id":6271,"date":"2025-09-04T09:15:46","date_gmt":"2025-09-04T07:15:46","guid":{"rendered":"https:\/\/www.simpal.fi\/?post_type=product&#038;p=6271"},"modified":"2025-09-04T09:19:09","modified_gmt":"2025-09-04T07:19:09","slug":"simpal-v10-dn20","status":"publish","type":"product","link":"https:\/\/www.simpal.fi\/index.php\/tuote\/simpal-v10-dn20\/","title":{"rendered":"SimPal V10-DN20, lis\u00e4vesiventtiili, DN20"},"content":{"rendered":"<p><strong>SimPal-V10 (DN20)<\/strong> on langaton lis\u00e4vesiventtiili (orjayksikk\u00f6) SimPal-V640 4G -p\u00e4\u00e4yksikk\u00f6\u00f6n. Sit\u00e4 ohjataanmobiilisovelluksella tai SMS-komennoilla p\u00e4\u00e4yksik\u00f6n kautta.<\/p>\n<p>Venttiilin mukana toimitetaan langallinen vesivuotoanturi, joka sulkee venttiilin automaattisesti veden vuotaessa ja l\u00e4hett\u00e4\u00e4 h\u00e4lytyksen. Venttiili voidaan ohjelmoida my\u00f6s toimimaan aikataulun tai ajastimen mukaan, esimerkiksi avaamaan veden vain m\u00e4\u00e4r\u00e4ajaksi.<\/p>\n<p><strong>K\u00e4ytt\u00f6kohteet:<\/strong><br \/>\n\u2022 Kodin ja kes\u00e4asunnon vesivahinkojen ennaltaehk\u00e4isy (astianpesukone, kahvinkeitin, pyykinpesukone)<br \/>\n\u2022 Kiinteist\u00f6n vesikierron ohjaus (esim. l\u00e4mmitysveden et\u00e4k\u00e4ynnistys)<\/p>\n<p><strong>Ominaisuudet:<\/strong><br \/>\n\u2022 Vuototurva<br \/>\n&#8211; Mukana toimitettava langallinen vuotovahti sulkee venttiilin automaattisesti vuodon havaitessaan ja l\u00e4hett\u00e4\u00e4<br \/>\nSMS-ilmoituksen V640 p\u00e4\u00e4yksik\u00f6n kautta.<br \/>\n\u2022 Monipuoliset automaattiset tilat<br \/>\n&#8211; Tukee aikatauluohjausta ja ajastintoimintoja.<br \/>\n\u2022 Venttiilikoon vaihtoehdot DN15\/DN20<\/p>\n<p><strong>Tekniset tiedot:<\/strong><br \/>\n\u2022 Tuotteen koko:<br \/>\n&#8211; 67x58x55mm (ohjain)<br \/>\n&#8211; 56x31x31mm (messinkiventtiili)<br \/>\n\u2022 RF-taajuus: 434MHz FSK, kantama 20&#8230;30m<br \/>\n\u2022 Venttiilikoko: messinki DN20, 20mm, 3\/4&#8243;<br \/>\n\u2022 Venttiilirunko: BSP-kierre<br \/>\n\u2022 K\u00e4ytt\u00f6paine: max. 1,0 MPa (10bar)<br \/>\n\u2022 Venttiilin avaus\/sulkemisaika: 3&#8230;4 sekuntia<br \/>\n\u2022 Roiskevesisuojaus: IP44<br \/>\n\u2022 K\u00e4ytt\u00f6j\u00e4nnite: 12\u00a0VDC @ 1A<br \/>\n&#8211; Virrankulutus: 50-60mA (standby), &lt;5W (max)<br \/>\n\u2022 Varavirta:<br \/>\n&#8211; Sis\u00e4\u00e4nrakennettu kondensaattori 2.5F, ilmoitus virtakatkosta<br \/>\n&#8211; USB-C -liit\u00e4nt\u00e4 ulkoiselle vara-akulle<br \/>\n\u2022 S\u00e4hk\u00f6numero: 7114807<br \/>\n\u2022 NFS61-sertifioitu (juomavesik\u00e4ytt\u00f6\u00f6n)<br \/>\n\u2022 CE-hyv\u00e4ksytty<\/p>\n<p><strong>Tuotepakkauksen sis\u00e4lt\u00f6:<\/strong><br \/>\n\u2022 Lis\u00e4vesiventtiili<br \/>\n\u2022 Vesivuotoanturi<br \/>\n\u2022 Virtal\u00e4hde<br \/>\n\u2022 Asennusohje (english)<\/p>\n<p><strong>Lis\u00e4tietolinkit:<\/strong><\/p>\n<ul>\n<li><a href=\"https:\/\/drive.microdata.fi\/pdf\/SimPal\/SimPal-V10_datasheet.pdf\" target=\"_blank\" rel=\"noopener noreferrer\">Tuote-esite<\/a><\/li>\n<li><a href=\"https:\/\/drive.microdata.fi\/pdf\/SimPal\/SimPal-V640_manual.pdf\" target=\"_blank\" rel=\"noopener noreferrer\">K\u00e4sikirja (english)<\/a><\/li>\n<li><a href=\"https:\/\/www.sahkonumerot.fi\/7114807\">S\u00e4hk\u00f6numero<\/a><\/li>\n<\/ul>\n","protected":false},"excerpt":{"rendered":"<p><strong>SimPal-V10 (DN20)<\/strong> on langaton lis\u00e4vesiventtiili (orjayksikk\u00f6) SimPal-V640 4G -p\u00e4\u00e4yksikk\u00f6\u00f6n. Sit\u00e4 ohjataan mobiilisovelluksella tai SMS-komennoilla p\u00e4\u00e4yksik\u00f6n kautta.<\/p>\n","protected":false},"featured_media":6261,"comment_status":"open","ping_status":"closed","template":"","meta":{"om_disable_all_campaigns":false,"_monsterinsights_skip_tracking":false,"_monsterinsights_sitenote_active":false,"_monsterinsights_sitenote_note":"","_monsterinsights_sitenote_category":0,"_uf_show_specific_survey":0,"_uf_disable_surveys":false},"product_brand":[92],"product_cat":[35,15,99],"product_tag":[105,104,103,84,102,101],"class_list":{"0":"post-6271","1":"product","2":"type-product","3":"status-publish","4":"has-post-thumbnail","6":"product_brand-simpal","7":"product_cat-slider","8":"product_cat-tuotteet","9":"product_cat-vesiventtiilit","10":"product_tag-4g","11":"product_tag-lte","12":"product_tag-smartlife","13":"product_tag-tuya","14":"product_tag-vesiventtiili","15":"product_tag-vesivuotoanturi","17":"first","18":"instock","19":"taxable","20":"shipping-taxable","21":"product-type-simple"},"aioseo_notices":[],"_links":{"self":[{"href":"https:\/\/www.simpal.fi\/index.php\/wp-json\/wp\/v2\/product\/6271","targetHints":{"allow":["GET"]}}],"collection":[{"href":"https:\/\/www.simpal.fi\/index.php\/wp-json\/wp\/v2\/product"}],"about":[{"href":"https:\/\/www.simpal.fi\/index.php\/wp-json\/wp\/v2\/types\/product"}],"replies":[{"embeddable":true,"href":"https:\/\/www.simpal.fi\/index.php\/wp-json\/wp\/v2\/comments?post=6271"}],"wp:featuredmedia":[{"embeddable":true,"href":"https:\/\/www.simpal.fi\/index.php\/wp-json\/wp\/v2\/media\/6261"}],"wp:attachment":[{"href":"https:\/\/www.simpal.fi\/index.php\/wp-json\/wp\/v2\/media?parent=6271"}],"wp:term":[{"taxonomy":"product_brand","embeddable":true,"href":"https:\/\/www.simpal.fi\/index.php\/wp-json\/wp\/v2\/product_brand?post=6271"},{"taxonomy":"product_cat","embeddable":true,"href":"https:\/\/www.simpal.fi\/index.php\/wp-json\/wp\/v2\/product_cat?post=6271"},{"taxonomy":"product_tag","embeddable":true,"href":"https:\/\/www.simpal.fi\/index.php\/wp-json\/wp\/v2\/product_tag?post=6271"}],"curies":[{"name":"wp","href":"https:\/\/api.w.org\/{rel}","templated":true}]}}