{"id":6506,"date":"2025-11-13T11:28:35","date_gmt":"2025-11-13T09:28:35","guid":{"rendered":"https:\/\/www.simpal.fi\/?post_type=product&#038;p=6506"},"modified":"2025-11-13T14:39:27","modified_gmt":"2025-11-13T12:39:27","slug":"simpal-ty230","status":"publish","type":"product","link":"https:\/\/www.simpal.fi\/index.php\/tuote\/simpal-ty230\/","title":{"rendered":"SimPal-TY230, WiFi \u00e4lypistorasia \/ l\u00e4mp\u00f6tilavahti, power metering, Tuya"},"content":{"rendered":"<p><strong>SimPal TY230<\/strong> on et\u00e4ohjattava WiFi-\u00e4lypistorasia, jolla pystyt\u00e4\u00e4n et\u00e4ohjaamaan s\u00e4hk\u00f6laitteita sek\u00e4 sek\u00e4 seuraamaan kohteen l\u00e4mp\u00f6tilaa ja energiankulutusta.<\/p>\n<p>Laite kytkeytyy langattomasti kohteen WiFi-verkkoon ja siihen liitettyj\u00e4 s\u00e4hk\u00f6laitteita voidaan hallita Tuya &#8221;Smart Life&#8221; -mobiilisovelluksella (Android &amp; iOS). Sovellus n\u00e4ytt\u00e4\u00e4 reaaliaikaisesti pistorasian kuormituksen, s\u00e4hk\u00f6nkulutuksen sek\u00e4 l\u00e4mp\u00f6tilan.<\/p>\n<p><strong>SimPal TY230<\/strong> soveltuu sis\u00e4tiloissa tapahtuvien koti-, m\u00f6kki- ja toimistolaitteiden ohjaamiseen. Tuotepakkauksen mukana toimitetavan ulkoisen l\u00e4mp\u00f6tila-anturin avulla laite soveltuu automaattisiin l\u00e4mmityksen ohjaukseen ja seurantaan niin kotona, toimistossa, autotallissa kuin kes\u00e4m\u00f6kill\u00e4.<\/p>\n<p><strong>SimPal TY230<\/strong> \u00e4lypistorasia on turvallinen. Laite noudattaa kaikkia CE-hyv\u00e4ksynn\u00e4n vaatimia turvallisuusm\u00e4\u00e4r\u00e4yksi\u00e4 ja sen kuoret on valmistettu palamattomasta muovimateriasta.<\/p>\n<p><strong>SimPal TY230 k\u00e4ytt\u00f6kohteita:<\/strong><br \/>\n\u2022 L\u00e4mp\u00f6tilan seuranta ja h\u00e4lytykset<br \/>\n\u2022 L\u00e4mmityksen ja ilmastoinnin et\u00e4ohjaus<br \/>\n\u2022 Energiankulutuksen seuranta<br \/>\n\u2022 IT-laitteen uudelleenk\u00e4ynnistys<br \/>\n\u2022 Auton l\u00e4mmityksen et\u00e4k\u00e4ynnistys<br \/>\n\u2022 Valaistuksen ja kodin automaatiolaitteiden ohjaus<br \/>\n\u2022 M\u00f6kin, varaston tai autotallin l\u00e4mp\u00f6tilan hallinta<br \/>\n\u2022 H\u00e4lyttimen, automaatiolaitteen et\u00e4k\u00e4ynnistys<br \/>\n\u2022 jne&#8230;<\/p>\n<p><strong>Tekniset tiedot:<\/strong><br \/>\n\u2022 WiFi standardit: 802.11 b\/g\/n @ 2.4GHz<br \/>\n\u2022 Jatkuva kytkent\u00e4teho: 16A @ 230VAC (3500W)<br \/>\n\u2022 Pistorasian tyyppi: Schuko<br \/>\n\u2022 Alusta: Tuya &#8221;Smart Life&#8221; -sovellus<br \/>\n\u2022 K\u00e4ytt\u00f6j\u00e4nnite: 110&#8230;250VAC<br \/>\n\u2022 Virrankulutus: 25mA<br \/>\n\u2022 L\u00e4mp\u00f6tila-anturin mittausalue: -30&#8230;+60C<br \/>\n\u2022 K\u00e4ytt\u00f6l\u00e4mp\u00f6tila-alue: -10&#8230;+50C<br \/>\n\u2022 Merkki-LED: Power ja WiFi<br \/>\n\u2022 Mitat: 125 x 60 x 80mm<br \/>\n\u2022 CE-hyv\u00e4ksytty<\/p>\n<p><strong>Tuotepakkauksen sis\u00e4lt\u00f6:<\/strong><br \/>\n\u2022 SimPal TY230 keskusyksikk\u00f6<br \/>\n\u2022 Ulkoinen lyhyt l\u00e4mp\u00f6tila-anturi<br \/>\n\u2022 Englanninkielinen k\u00e4sikirja<\/p>\n<p>Saatavana lis\u00e4varusteena Simpal DTS-002 -l\u00e4mp\u00f6tila-anturi 2m kaapelilla ja -30&#8230;+100C mittausalueella.<\/p>\n<p><strong>Lis\u00e4tietolinkit:<\/strong><\/p>\n<ul>\n<li style=\"list-style-type: none;\">\n<ul>\n<li><a href=\"https:\/\/drive.microdata.fi\/pdf\/SimPal\/SimPal-TY230_datasheet.pdf\" target=\"_blank\" rel=\"noopener noreferrer\">Tuote-esite<\/a><\/li>\n<li><a href=\"https:\/\/drive.microdata.fi\/pdf\/SimPal\/SimPal-TY230_manual.pdf\" target=\"_blank\" rel=\"noopener noreferrer\">K\u00e4sikirja (english)<\/a><\/li>\n<\/ul>\n<\/li>\n<\/ul>\n","protected":false},"excerpt":{"rendered":"<p><strong>SimPal TY230 <\/strong>on et\u00e4ohjattava \u00e4lypistorasia virtamittausominaisuuksilla, joka on suunniteltu s\u00e4hk\u00f6laitteiden et\u00e4ohjaamiseen langattoman WiFi-verkon ja Tuya mobiilisovelluksen avulla.<\/p>\n","protected":false},"featured_media":6507,"comment_status":"open","ping_status":"closed","template":"","meta":{"om_disable_all_campaigns":false,"_monsterinsights_skip_tracking":false,"_monsterinsights_sitenote_active":false,"_monsterinsights_sitenote_note":"","_monsterinsights_sitenote_category":0,"_uf_show_specific_survey":0,"_uf_disable_surveys":false},"product_brand":[92],"product_cat":[17,35,15],"product_tag":[106,86,51,84,66,65],"class_list":{"0":"post-6506","1":"product","2":"type-product","3":"status-publish","4":"has-post-thumbnail","6":"product_brand-simpal","7":"product_cat-pistorasiat","8":"product_cat-slider","9":"product_cat-tuotteet","10":"product_tag-simpal-ty230","11":"product_tag-termostaatti","12":"product_tag-tuta","13":"product_tag-tuya","14":"product_tag-wifi-lampotilavahti","15":"product_tag-wifi-pistorasia","17":"first","18":"instock","19":"taxable","20":"shipping-taxable","21":"product-type-simple"},"aioseo_notices":[],"jetpack_sharing_enabled":true,"_links":{"self":[{"href":"https:\/\/www.simpal.fi\/index.php\/wp-json\/wp\/v2\/product\/6506","targetHints":{"allow":["GET"]}}],"collection":[{"href":"https:\/\/www.simpal.fi\/index.php\/wp-json\/wp\/v2\/product"}],"about":[{"href":"https:\/\/www.simpal.fi\/index.php\/wp-json\/wp\/v2\/types\/product"}],"replies":[{"embeddable":true,"href":"https:\/\/www.simpal.fi\/index.php\/wp-json\/wp\/v2\/comments?post=6506"}],"wp:featuredmedia":[{"embeddable":true,"href":"https:\/\/www.simpal.fi\/index.php\/wp-json\/wp\/v2\/media\/6507"}],"wp:attachment":[{"href":"https:\/\/www.simpal.fi\/index.php\/wp-json\/wp\/v2\/media?parent=6506"}],"wp:term":[{"taxonomy":"product_brand","embeddable":true,"href":"https:\/\/www.simpal.fi\/index.php\/wp-json\/wp\/v2\/product_brand?post=6506"},{"taxonomy":"product_cat","embeddable":true,"href":"https:\/\/www.simpal.fi\/index.php\/wp-json\/wp\/v2\/product_cat?post=6506"},{"taxonomy":"product_tag","embeddable":true,"href":"https:\/\/www.simpal.fi\/index.php\/wp-json\/wp\/v2\/product_tag?post=6506"}],"curies":[{"name":"wp","href":"https:\/\/api.w.org\/{rel}","templated":true}]}}