{"id":71,"date":"2020-01-19T20:06:02","date_gmt":"2020-01-19T18:06:02","guid":{"rendered":"http:\/\/192.168.200.6\/?post_type=product&#038;p=71"},"modified":"2025-09-03T15:33:48","modified_gmt":"2025-09-03T13:33:48","slug":"simpal-g212","status":"publish","type":"product","link":"https:\/\/www.simpal.fi\/index.php\/tuote\/simpal-g212\/","title":{"rendered":"SimPal-G212-V2, GSM-h\u00e4lytinlaite \/ p\u00f6yt\u00e4kello"},"content":{"rendered":"<p><strong>SimPal-G212-V2<\/strong> on p\u00f6yt\u00e4kelloksi tyylikk\u00e4\u00e4sti muotoiltu pienikokoinen GSM-h\u00e4lytinlaite. Helppok\u00e4ytt\u00f6inen G212 on suunniteltu kodin varash\u00e4lyttimeksi tai ik\u00e4-ihmisen h\u00e4lytinlaitteeksi. Laite hy\u00f6dynt\u00e4\u00e4 langattomia antureita, joita toimitetaan retail-tuotepakkauksen mukana seuraavasti: PIR-liikeanturi, ovimagneettikytkin sek\u00e4 2x kauko-ohjainta. H\u00e4lyttimeen saadaan kytketty\u00e4 maksimissaan 20x langatonta anturia ja laajentaa sit\u00e4 esim. palovaroittimilla, langattomalla sireenill\u00e4 ja et\u00e4ohjattavalla pistorasialla. Kun anturi laukeaa, h\u00e4lytinyksikk\u00f6 k\u00e4ynnist\u00e4\u00e4 h\u00e4lytytys\u00e4\u00e4nen ja l\u00e4hett\u00e4\u00e4 SMS-h\u00e4lytysviestin m\u00e4\u00e4ritellylle k\u00e4ytt\u00e4jille.<\/p>\n<p>Laitteessa on my\u00f6s kaiutin sek\u00e4 mikrofoni, joten tilaa voidaan my\u00f6s et\u00e4monitoroida. Kauko-ohjaimen SOS-painikkeella laite soittaa m\u00e4\u00e4riteltyyn numeroon ja avaa automaattisesti kaksisuuntaisen puheyhteyden. Laite voidaan m\u00e4\u00e4ritell\u00e4 l\u00e4hett\u00e4m\u00e4\u00e4n h\u00e4lytyst\u00e4 my\u00f6s, jos liikesensori ei ole havainnut liiketta m\u00e4\u00e4riteltyyn aikaan. Laitteen m\u00e4\u00e4ritykset tehd\u00e4\u00e4n helpoilla SMS-viesteill\u00e4 tai helppok\u00e4ytt\u00f6isell\u00e4 mobiili-appsilla (Android\/iOS).<\/p>\n<p>Tuotepakkauksen mukana toimitetaan Elisa Laitenetti SIM-kortti, jonka asiakas saa halutessaan helposti aktivoitua. Edullinen SIM-kortti on testattu SimPal G212 tuotteen kanssa toimivaksi eik\u00e4 my\u00f6sk\u00e4\u00e4n vanhene prepaid-liittymien tavoin. SIM-kortin pinkoodikysely on poistettu, joten sen k\u00e4ytt\u00f6\u00f6notto on mahdollisimman simppeli.<\/p>\n<p><strong>Tekniset tiedot:<\/strong><\/p>\n<ul>\n<li>Virtal\u00e4hde\/k\u00e4ytt\u00f6j\u00e4nnite: 5VDC (Mini USB liitin)<\/li>\n<li>Vara-akku: 1200mAh LiON<\/li>\n<li>Akun kestoaika: 8-10h<\/li>\n<li>GSM-verkon taajuusalueet: 850\/900\/1800\/1900MHz<\/li>\n<li>SIM-kortti: Micro SIM 15x12mm (keskikoko)<\/li>\n<li>Langattomien anturien taajuusalue: 433.92MHz (FSK)<\/li>\n<li>Anturien max. m\u00e4\u00e4r\u00e4: 20x<\/li>\n<li>Anturien kantama: 30-50m<\/li>\n<li>Sireeni: 105dB<\/li>\n<li>K\u00e4ytt\u00f6l\u00e4mp\u00f6tila-alue: -10C&#8230;+45C<\/li>\n<li>Mitat: 138x70x25mm<\/li>\n<li>Kellon n\u00e4ytt\u00f6n koko: 23x70mm<\/li>\n<li>Paino: 147g<\/li>\n<li>S\u00e4hk\u00f6numero: 71 148 00<\/li>\n<li>CE-hyv\u00e4ksytty<\/li>\n<\/ul>\n<p><strong>Lis\u00e4tietolinkit:<\/strong><\/p>\n<ul>\n<li><a href=\"https:\/\/www.simpal.cn\/products\/20-GSM-Alarm-System.html\" target=\"_blank\" rel=\"noopener noreferrer\">Valmistajan\u00a0 tuotesivu<\/a><\/li>\n<li><a href=\"https:\/\/drive.microdata.fi\/pdf\/SimPal\/SimPal-G212_datasheet.pdf\" target=\"_blank\" rel=\"noopener noreferrer\">Tuote-esite<\/a><\/li>\n<li><a href=\"https:\/\/drive.microdata.fi\/pdf\/SimPal\/SimPal-G212_manual.pdf\" target=\"_blank\" rel=\"noopener noreferrer\">K\u00e4sikirja \/ asennusohje<\/a><\/li>\n<li><a href=\"https:\/\/drive.microdata.fi\/pdf\/SimPal\/SimPal-G212_asennusohje.pdf\" target=\"_blank\" rel=\"noopener noreferrer\">Pika-asennusopas<\/a><\/li>\n<li><a href=\"https:\/\/www.sahkonumerot.fi\/7114800\" target=\"_blank\" rel=\"noopener noreferrer\">S\u00e4hk\u00f6numero<\/a><\/li>\n<li><a href=\"https:\/\/drive.microdata.fi\/pdf\/SimPal\/SimPal-W240_G212_CE-Certification.pdf\" target=\"_blank\" rel=\"noopener noreferrer\">CE-hyv\u00e4ksynt\u00e4<\/a><\/li>\n<li><a href=\"https:\/\/mailchi.mp\/microdata\/simpal-g212-varashlytinkello-public\" target=\"_blank\" rel=\"noopener noreferrer\">Tiedote<\/a><\/li>\n<\/ul>\n","protected":false},"excerpt":{"rendered":"<p><strong>SimPal G212-V2<\/strong> on p\u00f6yt\u00e4kelloksi tyylikk\u00e4\u00e4sti muotoiltu pienikokoinen GSM-h\u00e4lytinlaite. Helppok\u00e4ytt\u00f6inen G212-V2 on suunniteltu kodin varash\u00e4lyttimeksi tai ik\u00e4-ihmisen h\u00e4lytinlaitteeksi.<\/p>\n","protected":false},"featured_media":1415,"comment_status":"open","ping_status":"closed","template":"","meta":{"om_disable_all_campaigns":false,"_monsterinsights_skip_tracking":false,"_monsterinsights_sitenote_active":false,"_monsterinsights_sitenote_note":"","_monsterinsights_sitenote_category":0,"_uf_show_specific_survey":0,"_uf_disable_surveys":false},"product_brand":[],"product_cat":[35,15,20],"product_tag":[63,62,51],"class_list":{"0":"post-71","1":"product","2":"type-product","3":"status-publish","4":"has-post-thumbnail","6":"product_cat-slider","7":"product_cat-tuotteet","8":"product_cat-varashalyttimet","9":"product_tag-gsm-varashalytin","10":"product_tag-simpal-g212","11":"product_tag-tuta","13":"first","14":"instock","15":"taxable","16":"shipping-taxable","17":"product-type-simple"},"aioseo_notices":[],"jetpack_sharing_enabled":true,"_links":{"self":[{"href":"https:\/\/www.simpal.fi\/index.php\/wp-json\/wp\/v2\/product\/71","targetHints":{"allow":["GET"]}}],"collection":[{"href":"https:\/\/www.simpal.fi\/index.php\/wp-json\/wp\/v2\/product"}],"about":[{"href":"https:\/\/www.simpal.fi\/index.php\/wp-json\/wp\/v2\/types\/product"}],"replies":[{"embeddable":true,"href":"https:\/\/www.simpal.fi\/index.php\/wp-json\/wp\/v2\/comments?post=71"}],"wp:featuredmedia":[{"embeddable":true,"href":"https:\/\/www.simpal.fi\/index.php\/wp-json\/wp\/v2\/media\/1415"}],"wp:attachment":[{"href":"https:\/\/www.simpal.fi\/index.php\/wp-json\/wp\/v2\/media?parent=71"}],"wp:term":[{"taxonomy":"product_brand","embeddable":true,"href":"https:\/\/www.simpal.fi\/index.php\/wp-json\/wp\/v2\/product_brand?post=71"},{"taxonomy":"product_cat","embeddable":true,"href":"https:\/\/www.simpal.fi\/index.php\/wp-json\/wp\/v2\/product_cat?post=71"},{"taxonomy":"product_tag","embeddable":true,"href":"https:\/\/www.simpal.fi\/index.php\/wp-json\/wp\/v2\/product_tag?post=71"}],"curies":[{"name":"wp","href":"https:\/\/api.w.org\/{rel}","templated":true}]}}