{"id":7181,"date":"2026-05-04T13:16:04","date_gmt":"2026-05-04T11:16:04","guid":{"rendered":"https:\/\/www.simpal.fi\/?post_type=product&#038;p=7181"},"modified":"2026-05-04T13:38:47","modified_gmt":"2026-05-04T11:38:47","slug":"simpal-wld-061-v2","status":"publish","type":"product","link":"https:\/\/www.simpal.fi\/index.php\/tuote\/simpal-wld-061-v2\/","title":{"rendered":"SimPal WLD-061-V2, langaton vesivuotoanturi"},"content":{"rendered":"<p><strong>SimPal WLD-061-V2<\/strong> on 434MHz taajuudella toimiva langaton vesivuotoanturi uusille SimPal-T40-V2, G400, G212-V2, W230-V2 ja W240-V2 malleille. Erityisen hyvin<br \/>\nvesivuotoanturi sopii kes\u00e4m\u00f6kkien ja asuntojen valvomiseen suurempien vesivahinkojen v\u00e4ltt\u00e4miseksi.<\/p>\n<p><strong>Tekniset tiedot:<\/strong><br \/>\n\u2022 Kantomatka: 40-50m (avoin tila)<br \/>\n\u2022 Radiotaajuus: 434MHz FSK<br \/>\n\u2022 Paristo: CR2032 \/ 3VDC (vaihdettava)<br \/>\n\u2022 Virrankulutus:<br \/>\n&#8211; Aktiivinen: 20mA<br \/>\n&#8211; Valmius\/lepotila: 1uA<br \/>\n\u2022 CE-hyv\u00e4ksytty<\/p>\n<p><strong>Lis\u00e4tietolinkit:<\/strong><\/p>\n<ul>\n<li><a href=\"https:\/\/www.simpal.cn\/products\/31-Wireless-Waterleakage-Detector.html\" target=\"_blank\" rel=\"noopener noreferrer\">Valmistajan tuotesivu<\/a><\/li>\n<li><a href=\"https:\/\/drive.microdata.fi\/pdf\/SimPal\/SimPal-WLD-061-F_manual.pdf\" target=\"_blank\" rel=\"noopener noreferrer\">Lataa k\u00e4sikirja \/ asennusohje<\/a><\/li>\n<\/ul>\n","protected":false},"excerpt":{"rendered":"<p>SimPal WLD-061-V2 on 434MHz taajuudella toimiva langaton vesivuotoanturi uusille SimPal-T40-V2, G400, G212-V2, W230-V2 ja W240-V2 malleille. Erityisen hyvin vesivuotoanturi sopii kes\u00e4m\u00f6kkien ja asuntojen valvomiseen suurempien vesivahinkojen v\u00e4ltt\u00e4miseksi. Tekniset tiedot: \u2022 Kantomatka: 40-50m (avoin tila) \u2022 Radiotaajuus: 434MHz FSK \u2022 Paristo: CR2032 \/ 3VDC (vaihdettava) \u2022 Virrankulutus: &#8211; Aktiivinen: 20mA &#8211; Valmius\/lepotila: 1uA \u2022 CE-hyv\u00e4ksytty Lis\u00e4tietolinkit: [&hellip;]<\/p>\n","protected":false},"featured_media":1457,"comment_status":"open","ping_status":"closed","template":"","meta":{"om_disable_all_campaigns":false,"_monsterinsights_skip_tracking":false,"_monsterinsights_sitenote_active":false,"_monsterinsights_sitenote_note":"","_monsterinsights_sitenote_category":0,"_uf_show_specific_survey":0,"_uf_disable_surveys":false},"product_brand":[92],"product_cat":[48,15],"product_tag":[],"class_list":{"0":"post-7181","1":"product","2":"type-product","3":"status-publish","4":"has-post-thumbnail","6":"product_brand-simpal","7":"product_cat-lisaanturit","8":"product_cat-tuotteet","10":"first","11":"instock","12":"taxable","13":"shipping-taxable","14":"product-type-simple"},"aioseo_notices":[],"_links":{"self":[{"href":"https:\/\/www.simpal.fi\/index.php\/wp-json\/wp\/v2\/product\/7181","targetHints":{"allow":["GET"]}}],"collection":[{"href":"https:\/\/www.simpal.fi\/index.php\/wp-json\/wp\/v2\/product"}],"about":[{"href":"https:\/\/www.simpal.fi\/index.php\/wp-json\/wp\/v2\/types\/product"}],"replies":[{"embeddable":true,"href":"https:\/\/www.simpal.fi\/index.php\/wp-json\/wp\/v2\/comments?post=7181"}],"wp:featuredmedia":[{"embeddable":true,"href":"https:\/\/www.simpal.fi\/index.php\/wp-json\/wp\/v2\/media\/1457"}],"wp:attachment":[{"href":"https:\/\/www.simpal.fi\/index.php\/wp-json\/wp\/v2\/media?parent=7181"}],"wp:term":[{"taxonomy":"product_brand","embeddable":true,"href":"https:\/\/www.simpal.fi\/index.php\/wp-json\/wp\/v2\/product_brand?post=7181"},{"taxonomy":"product_cat","embeddable":true,"href":"https:\/\/www.simpal.fi\/index.php\/wp-json\/wp\/v2\/product_cat?post=7181"},{"taxonomy":"product_tag","embeddable":true,"href":"https:\/\/www.simpal.fi\/index.php\/wp-json\/wp\/v2\/product_tag?post=7181"}],"curies":[{"name":"wp","href":"https:\/\/api.w.org\/{rel}","templated":true}]}}