{"id":7182,"date":"2026-05-04T13:22:10","date_gmt":"2026-05-04T11:22:10","guid":{"rendered":"https:\/\/www.simpal.fi\/?post_type=product&#038;p=7182"},"modified":"2026-05-04T13:25:08","modified_gmt":"2026-05-04T11:25:08","slug":"simpal-wir-053-v2","status":"publish","type":"product","link":"https:\/\/www.simpal.fi\/index.php\/tuote\/simpal-wir-053-v2\/","title":{"rendered":"SimPal WIR-053-V2, langaton PIR liikkeentunnistin"},"content":{"rendered":"<p><strong>SimPal WIR-053-V2<\/strong> on langaton PIR-liikkeentunnistin uusille SimPal T40-V2, G212-V2, W230-V2 ja W240-V2 malleihin. Anturin avulla SimPal tuotteista saadaan tehty\u00e4 varash\u00e4lytinlaite kiinteist\u00f6\u00e4 tai omaisuutta valvomaan.<\/p>\n<p>Myym\u00e4l\u00e4pakkauksessa on tunnistimen lis\u00e4ksi s\u00e4\u00e4dett\u00e4v\u00e4ll\u00e4 nivelell\u00e4 varustettu sein\u00e4kiinnitysjalusta sek\u00e4 asennusohje (english).<\/p>\n<p><strong>Tekniset tiedot:<\/strong><br \/>\n\u2022 Taajuus: 434MHz (FSK)<br \/>\n\u2022 Kantomatka: 100m (avoin tila)<br \/>\n\u2022 IR-sensori: Dual element<br \/>\n\u2022 Tunnistuset\u00e4isyys: 9-12m<br \/>\n\u2022 Asennuskorkeus: 1.7..2.5m<br \/>\n\u2022 Tunnistuskulma: 110 astetta<br \/>\n\u2022 Merkki-LEDit:<br \/>\n&#8211; Punainen (h\u00e4lytys)<br \/>\n&#8211; Matala patterij\u00e4nnite (vihre\u00e4)<br \/>\n\u2022 K\u00e4ytt\u00f6j\u00e4nnite: 3VDC (2x AA paristoa, ei mukana)<br \/>\n\u2022 Virrankulutus: &lt;25uA (lepo), &lt;25mA (h\u00e4lytys)<br \/>\n\u2022 K\u00e4ytt\u00f6l\u00e4mp\u00f6tila-alue: -10&#8230;+55C<br \/>\n\u2022 Mitat: 107 x 60 x 46mm<br \/>\n\u2022 Hyv\u00e4ksynn\u00e4t: CE<\/p>\n<p><strong>Lis\u00e4tietolinkit:<\/strong><\/p>\n<ul>\n<li><a href=\"https:\/\/www.simpal.cn\/products\/23-Wireless-PIR-detector.html\" target=\"_blank\" rel=\"noopener noreferrer\">Valmistajan tuotesivu<\/a><\/li>\n<li><a href=\"https:\/\/drive.microdata.fi\/pdf\/SimPal\/SimPal-WIR-053-F_manual.pdf\" target=\"_blank\" rel=\"noopener noreferrer\">K\u00e4sikirja \/ asennusohje<\/a><\/li>\n<\/ul>\n","protected":false},"excerpt":{"rendered":"<p><strong>SimPal WIR-053-V2<\/strong> (PIR-FSK) on langaton PIR-liikkeentunnistin.<\/p>\n","protected":false},"featured_media":1454,"comment_status":"open","ping_status":"closed","template":"","meta":{"om_disable_all_campaigns":false,"_monsterinsights_skip_tracking":false,"_monsterinsights_sitenote_active":false,"_monsterinsights_sitenote_note":"","_monsterinsights_sitenote_category":0,"_uf_show_specific_survey":0,"_uf_disable_surveys":false},"product_brand":[92],"product_cat":[48,15],"product_tag":[],"class_list":{"0":"post-7182","1":"product","2":"type-product","3":"status-publish","4":"has-post-thumbnail","6":"product_brand-simpal","7":"product_cat-lisaanturit","8":"product_cat-tuotteet","10":"first","11":"instock","12":"taxable","13":"shipping-taxable","14":"product-type-simple"},"aioseo_notices":[],"_links":{"self":[{"href":"https:\/\/www.simpal.fi\/index.php\/wp-json\/wp\/v2\/product\/7182","targetHints":{"allow":["GET"]}}],"collection":[{"href":"https:\/\/www.simpal.fi\/index.php\/wp-json\/wp\/v2\/product"}],"about":[{"href":"https:\/\/www.simpal.fi\/index.php\/wp-json\/wp\/v2\/types\/product"}],"replies":[{"embeddable":true,"href":"https:\/\/www.simpal.fi\/index.php\/wp-json\/wp\/v2\/comments?post=7182"}],"wp:featuredmedia":[{"embeddable":true,"href":"https:\/\/www.simpal.fi\/index.php\/wp-json\/wp\/v2\/media\/1454"}],"wp:attachment":[{"href":"https:\/\/www.simpal.fi\/index.php\/wp-json\/wp\/v2\/media?parent=7182"}],"wp:term":[{"taxonomy":"product_brand","embeddable":true,"href":"https:\/\/www.simpal.fi\/index.php\/wp-json\/wp\/v2\/product_brand?post=7182"},{"taxonomy":"product_cat","embeddable":true,"href":"https:\/\/www.simpal.fi\/index.php\/wp-json\/wp\/v2\/product_cat?post=7182"},{"taxonomy":"product_tag","embeddable":true,"href":"https:\/\/www.simpal.fi\/index.php\/wp-json\/wp\/v2\/product_tag?post=7182"}],"curies":[{"name":"wp","href":"https:\/\/api.w.org\/{rel}","templated":true}]}}