{"id":78,"date":"2020-01-19T23:26:29","date_gmt":"2020-01-19T21:26:29","guid":{"rendered":"http:\/\/192.168.200.6\/?post_type=product&#038;p=78"},"modified":"2025-09-03T15:32:31","modified_gmt":"2025-09-03T13:32:31","slug":"simpal-t40","status":"publish","type":"product","link":"https:\/\/www.simpal.fi\/index.php\/tuote\/simpal-t40\/","title":{"rendered":"SimPal-T40-V2, GSM-pistorasia (master)"},"content":{"rendered":"<p><strong>SimPal-T40-V2<\/strong> on et\u00e4ohjattava GSM-pistorasia laajennusominaisuuksilla, joka on suunniteltu s\u00e4hk\u00f6laitteiden k\u00e4ynnist\u00e4miseen ja poiskytkemiseen. Laitteen ohjaama verkkovirta saadaan kytketty\u00e4 matkapuhelimesta SMS-tekstiviestill\u00e4, puhelinsoitolla tai mobiilisovelluksella (apps). SimPal T40-V2 on yhteensopiva kaikkien operaattorien SIM-korttien kanssa, eik\u00e4 vaadi toimiakseen erillist\u00e4 datasopimusta &#8211; puhe- ja tekstiviestipalvelut riitt\u00e4v\u00e4t. Laite soveltuu sis\u00e4tiloissa tapahtuvien koti-, m\u00f6kki- ja toimistolaitteiden ohjaamiseen.<\/p>\n<p>SimPal T40-V2 varoittaa my\u00f6s s\u00e4hk\u00f6katkoksista ja niiden palautumisesta. T\u00e4m\u00e4n tiedon avulla k\u00e4ytt\u00e4j\u00e4 voi raportoida s\u00e4hk\u00f6katkoksista s\u00e4hk\u00f6yhti\u00f6ille ja ryhty\u00e4 tarvittaviin toimenpiteisiin, mik\u00e4li s\u00e4hk\u00f6katkos jatkuu pidemp\u00e4\u00e4n.<\/p>\n<p>SimPal T40-V2 j\u00e4rjestelm\u00e4\u00e4 voidaan laajentaa my\u00f6s SimPal T20-V2 pistorasioilla (max. 4x) sek\u00e4 langattomilla antureilla (max. 6x). Ohjaus et\u00e4yksikk\u00f6\u00f6n tapahtuu 433MHz langattomalla taajuudella. N\u00e4in kohteeseen saadaan asennettua useampi et\u00e4ohjattava pistorasia, joita voidaan ohjata yhden SIM- kortin avulla ja laajennettua j\u00e4rjestelm\u00e4st\u00e4 pienimuotoinen varash\u00e4lytin.<\/p>\n<p>Tuotepakkauksen mukana toimitetaan l\u00e4mp\u00f6tila-anturi, joten laite soveltuu monipuolisesti erilaisiin automaattisiin l\u00e4mmitysten ohjauksiin niin kotona, autotallissa, veneess\u00e4 kuin kes\u00e4m\u00f6keill\u00e4. L\u00e4mp\u00f6tilatieto saadaan v\u00e4litetty\u00e4 my\u00f6s SMS-tekstiviestill\u00e4 suoraan GSM- matkapuhelimeen. Laitteen asennus on mutkaton: Asenna laitteeseen SIM-kortti ja m\u00e4\u00e4rittele puhelinnumero SMS-tekstiviestill\u00e4 #00# &#8211; t\u00e4m\u00e4n j\u00e4lkeen laite on k\u00e4ytt\u00f6valmis! Tekstiviestill\u00e4 #01# laite kytkee virrat ja tekstiviestill\u00e4 #02# laite kytkee virrat pois! Laitteeseen l\u00f6ytyy my\u00f6s helppok\u00e4ytt\u00f6inen Android\/iOS sovellus.<\/p>\n<p>Edistyneemmille k\u00e4ytt\u00e4jille laitteesta l\u00f6ytyy mahdollisuudet viiden numeron m\u00e4\u00e4rittelyyn, ajastettujen \/ viiv\u00e4stettyjen ohjausten m\u00e4\u00e4rittelyyn sek\u00e4 monia muihin hy\u00f6dyllisi\u00e4 lis\u00e4ominaisuuksia. SimPal T40 GSM-pistoke on turvallinen. Laite noudattaa kaikkia CE-hyv\u00e4ksynn\u00e4n vaatimia turvallisuusm\u00e4\u00e4r\u00e4yksi\u00e4 ja sen kuoret on valmistettu palamattomasta muovimateriasta.<\/p>\n<p>Tuotepakkauksessa toimitetaan keskusyksikk\u00f6, ulkoinen l\u00e4mp\u00f6tila-anturi, suomenkielinen asennusohje sek\u00e4 englanninkielinen k\u00e4sikija.<\/p>\n<p>Tuotepakkauksen mukana toimitetaan Elisa Laitenetti SIM-kortti, jonka asiakas saa halutessaan helposti aktivoitua. Edullinen SIM-kortti on testattu SimPal T40 tuotteen kanssa toimivaksi eik\u00e4 my\u00f6sk\u00e4\u00e4n vanhene prepaid-liittymien tavoin. SIM-kortin pinkoodikysely on poistettu, joten sen k\u00e4ytt\u00f6\u00f6notto on mahdollisimman simppeli.<\/p>\n<p><strong>SimPal-T40-V2 k\u00e4ytt\u00f6kohteita:<\/strong><br \/>\n\u2022 L\u00e4mmityksen et\u00e4k\u00e4ynnistys<br \/>\n\u2022 Ilmastoinnin et\u00e4k\u00e4ynnistys<br \/>\n\u2022 IT-laitteen uudelleenk\u00e4ynnistys &#8221;reboot&#8221;<br \/>\n\u2022 Varash\u00e4lytin<br \/>\n\u2022 Paloh\u00e4lytin<br \/>\n\u2022 Kodinkoneen et\u00e4k\u00e4ynnistys<br \/>\n\u2022 Auton l\u00e4mmityksen et\u00e4k\u00e4ynnistys<br \/>\n\u2022 Nurmikon kastelulaitteiden et\u00e4k\u00e4ynnistys<br \/>\n\u2022 Valaistuksen et\u00e4k\u00e4ynnistys<br \/>\n\u2022 H\u00e4lyttimen et\u00e4k\u00e4ynnistys<br \/>\n\u2022 Automaatiolaitteen et\u00e4k\u00e4ynnistys<br \/>\n\u2022 Ilmoittaa s\u00e4hk\u00f6katkoksesta<br \/>\n\u2022 jne&#8230;<\/p>\n<p><strong>Tekniset tiedot:<\/strong><br \/>\n\u2022 Sis\u00e4\u00e4ntulovirta: 110-230VAC \/ 50Hz<br \/>\n\u2022 Jatkuva kytkent\u00e4teho: 16A @ 230VAC (3500W)<br \/>\n\u2022 Hetkellinen kytkent\u00e4teho: 30A @ 230VAC (30 sek.)<br \/>\n\u2022 GSM-taajuudet: 900\/1800MHz<br \/>\n\u2022 SIM-korttipaikka: 1.8\/3V<br \/>\n\u2022 Tukee 5x GSM-puhelinnumeroa<br \/>\n\u2022 Hallinta ja et\u00e4ohjaus: SMS-tekstiviesti tai puhelinsoitto<br \/>\n\u2022 SMS-viesti virtakatkoista<br \/>\n\u2022 Viiv\u00e4stetty ohjaus<br \/>\n\u2022 Ajastettu ohjaus<br \/>\n\u2022 L\u00e4mp\u00f6tila ohjaus<br \/>\n\u2022 L\u00e4mp\u00f6tila-anturi: -10&#8230;+50C (3.5mm stereoplugi)<br \/>\n\u2022 Et\u00e4pistorasiat:<br \/>\n&#8211; Radiotaajuus: 433MHz<br \/>\n&#8211; Et\u00e4isyys: 30m (max)<br \/>\n&#8211; Lukum\u00e4\u00e4r\u00e4: 4x (max)<br \/>\n\u2022 Langattomat anturit:<br \/>\n&#8211; Radiotaajuus: 433MHz<br \/>\n&#8211; Et\u00e4isyys: 30m (max)<br \/>\n&#8211; Lukum\u00e4\u00e4r\u00e4: 6x (max)<br \/>\n\u2022 K\u00e4ytt\u00f6l\u00e4mp\u00f6tila-alue: -10&#8230;+50C<br \/>\n\u2022 Suhteellinen kosteus: 10-90% (ilman kondensiota)<br \/>\n\u2022 Merkki-LEDit: Virta, GSM, Kytkent\u00e4rele<br \/>\n\u2022 Virrankulutus lepotilassa: &lt;1mA<br \/>\n\u2022 Maadoitettu EU-pistorasia<br \/>\n\u2022 S\u00e4hk\u00f6numero: 2817805<br \/>\n\u2022 CE-hyv\u00e4ksytty<\/p>\n<p><strong>Lis\u00e4tietolinkit:<\/strong><\/p>\n<ul>\n<li><a href=\"https:\/\/www.simpal.cn\/products\/14-simpal-t40-gsm-power-socket.html\" target=\"_blank\" rel=\"noopener noreferrer\">Valmistajan tuotesivu<\/a><\/li>\n<li><a href=\"https:\/\/drive.microdata.fi\/pdf\/SimPal\/SimPal-T40-T20_datasheet.pdf\" target=\"_blank\" rel=\"noopener noreferrer\">Tuote-esite<\/a><\/li>\n<li><a href=\"https:\/\/drive.microdata.fi\/pdf\/SimPal\/SimPal-T40_manual.pdf\" target=\"_blank\" rel=\"noopener noreferrer\">K\u00e4sikirja \/ asennusohje<\/a><\/li>\n<li><a href=\"https:\/\/drive.microdata.fi\/pdf\/SimPal\/SimPal-T40_asennusohje.pdf\" target=\"_blank\" rel=\"noopener noreferrer\">Pika-asennusopas (QIC)<\/a><\/li>\n<li><a href=\"https:\/\/drive.microdata.fi\/pdf\/SimPal\/SimPal_Catalog.pdf\" target=\"_blank\" rel=\"noopener noreferrer\">Myyntiopas<\/a><\/li>\n<li><a href=\"https:\/\/drive.microdata.fi\/Images\/hires\/SimPal\/SimPal-T40.jpg\" target=\"_blank\" rel=\"noopener noreferrer\">Tuotekuva (hires)<\/a><\/li>\n<li><a href=\"https:\/\/www.sahkonumerot.fi\/2817805\" target=\"_blank\" rel=\"noopener noreferrer\">S\u00e4h\u00f6numero<\/a><\/li>\n<li><a href=\"https:\/\/play.google.com\/store\/apps\/details?id=com.simpal.gsmsocket.v3\">Android appi<\/a><\/li>\n<li><a href=\"https:\/\/drive.microdata.fi\/pdf\/SimPal\/SimPal-T4_T40_CE-Certification.pdf\" target=\"_blank\" rel=\"noopener noreferrer\">CE-hyv\u00e4ksynt\u00e4<\/a><\/li>\n<li><a href=\"https:\/\/mailchi.mp\/microdata\/simpal-t40-t20-gsm-pistorasia\" target=\"_blank\" rel=\"noopener noreferrer\">Tiedote<\/a><\/li>\n<\/ul>\n","protected":false},"excerpt":{"rendered":"<p><strong>SimPal T40<\/strong> on et\u00e4ohjattava GSM-pistorasia laajennusominaisuuksilla, joka on suunniteltu s\u00e4hk\u00f6laitteiden k\u00e4ynnist\u00e4miseen ja poiskytkemiseen.<\/p>\n","protected":false},"featured_media":79,"comment_status":"open","ping_status":"closed","template":"","meta":{"om_disable_all_campaigns":false,"_monsterinsights_skip_tracking":false,"_monsterinsights_sitenote_active":false,"_monsterinsights_sitenote_note":"","_monsterinsights_sitenote_category":0,"_uf_show_specific_survey":0,"_uf_disable_surveys":false},"product_brand":[],"product_cat":[17,35,15],"product_tag":[50,61,51],"class_list":{"0":"post-78","1":"product","2":"type-product","3":"status-publish","4":"has-post-thumbnail","6":"product_cat-pistorasiat","7":"product_cat-slider","8":"product_cat-tuotteet","9":"product_tag-gsm-pistorasia","10":"product_tag-simpal-t40","11":"product_tag-tuta","13":"first","14":"instock","15":"taxable","16":"shipping-taxable","17":"product-type-simple"},"aioseo_notices":[],"_links":{"self":[{"href":"https:\/\/www.simpal.fi\/index.php\/wp-json\/wp\/v2\/product\/78","targetHints":{"allow":["GET"]}}],"collection":[{"href":"https:\/\/www.simpal.fi\/index.php\/wp-json\/wp\/v2\/product"}],"about":[{"href":"https:\/\/www.simpal.fi\/index.php\/wp-json\/wp\/v2\/types\/product"}],"replies":[{"embeddable":true,"href":"https:\/\/www.simpal.fi\/index.php\/wp-json\/wp\/v2\/comments?post=78"}],"wp:featuredmedia":[{"embeddable":true,"href":"https:\/\/www.simpal.fi\/index.php\/wp-json\/wp\/v2\/media\/79"}],"wp:attachment":[{"href":"https:\/\/www.simpal.fi\/index.php\/wp-json\/wp\/v2\/media?parent=78"}],"wp:term":[{"taxonomy":"product_brand","embeddable":true,"href":"https:\/\/www.simpal.fi\/index.php\/wp-json\/wp\/v2\/product_brand?post=78"},{"taxonomy":"product_cat","embeddable":true,"href":"https:\/\/www.simpal.fi\/index.php\/wp-json\/wp\/v2\/product_cat?post=78"},{"taxonomy":"product_tag","embeddable":true,"href":"https:\/\/www.simpal.fi\/index.php\/wp-json\/wp\/v2\/product_tag?post=78"}],"curies":[{"name":"wp","href":"https:\/\/api.w.org\/{rel}","templated":true}]}}